{"id":656,"date":"2022-11-26T08:48:53","date_gmt":"2022-11-26T08:48:53","guid":{"rendered":"https:\/\/tuisinhhoc2.thienbinh.net\/?post_type=product&#038;p=656"},"modified":"2024-10-14T13:12:30","modified_gmt":"2024-10-14T06:12:30","slug":"tui-ni-long-sieu-thi","status":"publish","type":"product","link":"https:\/\/gimex2.com.vn\/en\/product\/tui-ni-long-sieu-thi\/","title":{"rendered":"T\u00daI NI L\u00d4NG SI\u00caU TH\u1eca"},"content":{"rendered":"<p>Si\u00eau th\u1ecb, si\u00eau th\u1ecb ti\u1ec7n l\u1ee3i l\u00e0 \u0111\u01a1n v\u1ecb cung c\u1ea5p h\u00e0ng h\u00f3a, th\u1ef1c ph\u1ea9m cho r\u1ea5t nhi\u1ec1u ng\u01b0\u1eddi ti\u00eau d\u00f9ng. Do \u0111\u00f3, nhu c\u1ea7u v\u1ec1 t\u00fai nilon lu\u00f4n r\u1ea5t c\u1ea7n thi\u1ebft.<\/p>\n<h3><span id=\"Khai_niem\"><strong>Kh\u00e1i ni\u1ec7m<\/strong><\/span><\/h3>\n<p>L\u00e0 lo\u1ea1i t\u00fai chuy\u00ean d\u1ee5ng \u0111\u01b0\u1ee3c c\u1ea5u t\u1ea1o t\u1eeb c\u00e1c ch\u1ea5t li\u1ec7u nh\u1ef1a nh\u01b0: nh\u1ef1a PE, nh\u1ef1a HD,\u2026.s\u1ea3n ph\u1ea9m c\u00f3 t\u00ednh ch\u1ed1ng th\u1ea5m, \u0111\u1ed9 b\u1ec1n cao, c\u00f3 t\u00ednh d\u1ebbo. Ngo\u00e0i ra l\u1ea1i t\u00fai nilon \u0111\u01b0\u1ee3c d\u00f9ng cho c\u00e1c si\u00eau th\u1ecb c\u00f2n \u0111\u01b0\u1ee3c thi\u1ebft k\u1ebf v\u1edbi 2 quai r\u1ea5t ti\u1ec7n d\u1ee5ng cho qu\u00e1 tr\u00ecnh mua s\u1eafm v\u00e0 v\u1eadn chuy\u1ec3n h\u00e0ng h\u00f3a.<\/p>\n<h3><span id=\"Dac_diem\"><strong>\u0110\u1eb7c \u0111i\u1ec3m<\/strong><\/span><\/h3>\n<p>T\u00f9y theo t\u1eebng s\u1ea3n ph\u1ea9m, m\u1ee5c \u0111\u00edch s\u1eed d\u1ee5ng m\u00e0 ng\u01b0\u1eddi d\u00f9ng s\u1eed d\u1ee5ng nh\u1eefng m\u1eabu t\u00fai nilon \u0111\u01b0\u1ee3c d\u00f9ng t\u1ea1i si\u00eau th\u1ecb c\u00f3 k\u00edch th\u01b0\u1edbc kh\u00e1c nhau. Th\u00f4ng th\u01b0\u1eddng, d\u00f2ng t\u00fai nilon \u0111\u01b0\u1ee3c d\u00f9ng cho c\u00e1c si\u00eau th\u1ecb n\u00e0y \u0111\u01b0\u1ee3c thi\u1ebft k\u1ebf theo nh\u1eefng k\u00edch th\u01b0\u1edbc c\u00f3 s\u1eb5n nh\u01b0:<\/p>\n<ul>\n<li>Lo\u1ea1i \u0111\u1ef1ng 1 kg v\u1edbi k\u00edch th\u01b0\u1edbc 20x30cm<\/li>\n<li>Lo\u1ea1i \u0111\u1ef1ng 2 kg v\u1edbi k\u00edch th\u01b0\u1edbc 24x38cm<\/li>\n<li>Lo\u1ea1i \u0111\u1ef1ng 3 kg v\u1edbi k\u00edch th\u01b0\u1edbc 26x43cm<\/li>\n<li>Lo\u1ea1i \u0111\u1ef1ng 5 kg v\u1edbi k\u00edch th\u01b0\u1edbc 30x50cm<\/li>\n<li>Lo\u1ea1i \u0111\u1ef1ng 10 kg v\u1edbi k\u00edch th\u01b0\u1edbc 35x60cm<\/li>\n<li>Lo\u1ea1i \u0111\u1ef1ng 15 kg v\u1edbi k\u00edch th\u01b0\u1edbc 40x70cm<\/li>\n<\/ul>\n<p>\u0110\u1ed1i v\u1edbi nh\u1eefng t\u00fai nilon \u0111\u01b0\u1ee3c thi\u1ebft k\u1ebf 2 quai \u1edf si\u00eau th\u1ecb th\u01b0\u1eddng c\u00f3 \u0111\u1ed9 d\u00e0y kho\u1ea3ng 4-5 dem. Kh\u00e1c v\u1edbi nh\u1eefng lo\u1ea1i t\u00fai nilon kh\u00e1c, t\u00fai nilon cho si\u00eau th\u1ecb th\u01b0\u1eddng c\u00f3 2 m\u00e0u tr\u1eafng v\u00e0 tr\u1eafng s\u1eefa k\u1ebft h\u1ee3p v\u1edbi m\u1eabu thi\u1ebft k\u1ebf in \u1ea5n \u0111\u1ec3 t\u1ea1o n\u00ean m\u1ed9t chi\u1ebfc t\u00fai nilon ho\u00e0n h\u1ea3o, thu h\u00fat \u0111\u01b0\u1ee3c ng\u01b0\u1eddi ti\u00eau d\u00f9ng mua h\u00e0ng v\u00e0 s\u1eed d\u1ee5ng s\u1ea3n ph\u1ea9m.<\/p>\n","protected":false},"excerpt":{"rendered":"<p class=\"title02\"><strong>Th\u00f4ng tin chi ti\u1ebft s\u1ea3n ph\u1ea9m<\/strong><\/p>\n<table border=\"0\" cellspacing=\"0\" cellpadding=\"0\">\n<tbody>\n<tr>\n<td>Nguy\u00ean li\u1ec7u<\/td>\n<td>Nh\u1ef1a<\/td>\n<\/tr>\n<tr>\n<td>Lo\u1ea1i nh\u1ef1a<\/td>\n<td>HDPE<\/td>\n<\/tr>\n<tr>\n<td>Lo\u1ea1i t\u00fai<\/td>\n<td>C\u00f3 n\u1ebfp g\u1ea5p<\/td>\n<\/tr>\n<tr>\n<td>D\u00f9ng trong<\/td>\n<td>Si\u00eau th\u1ecb, ch\u1ee3, ng\u00e2n h\u00e0ng, \u0111i\u1ec7n m\u00e1y..<\/td>\n<\/tr>\n<tr>\n<td>Kh\u1ea3 n\u0103ng<\/td>\n<td>T\u1ef1 ph\u00e2n h\u1ee7y sinh h\u1ecdc \u2013th\u00e2n thi\u00ean m\u00f4i tr\u01b0\u1eddng<\/td>\n<\/tr>\n<tr>\n<td>In \u1ea5n<\/td>\n<td>In \u1ed1ng \u0111\u1ed3ng<\/td>\n<\/tr>\n<tr>\n<td>\u0110\u01b0\u1eddng h\u00e0n t\u00fai<\/td>\n<td>H\u00e0n nhi\u1ec7t, h\u00e0ng ngu\u1ed9i<\/td>\n<\/tr>\n<tr>\n<td>T\u1ea3i tr\u1ecdng t\u00fai<\/td>\n<td>T\u1eeb 1 \u2013 30 kg<\/td>\n<\/tr>\n<tr>\n<td>Ch\u1ea5t t\u1ef1 h\u1ee7y<\/td>\n<td>EPI,D2W,P-Life,Reveter, Corn Starch\u2026<\/td>\n<\/tr>\n<tr>\n<td>M\u00e0ng t\u00fai<\/td>\n<td>\u0110\u1ecf, xanh, v\u00e0ng, t\u00edm, tr\u1eafng, kh\u00f4ng m\u00e0u\u2026<\/td>\n<\/tr>\n<tr>\n<td>\u0110\u1ed9 d\u00e0y t\u00fai<\/td>\n<td>T\u1eeb 10 micron t\u1edbi 50 micron<\/td>\n<\/tr>\n<tr>\n<td>Chi\u1ec1u ngang t\u00fai<\/td>\n<td>\u00a0T\u1eeb 20 cm \u2013 50 cm, ch\u01b0a bao g\u1ed3m n\u1ebfp g\u1ea5p<\/td>\n<\/tr>\n<tr>\n<td>Chi\u1ec1u d\u00e0i t\u00fai<\/td>\n<td>T\u1eeb 30 cm \u2013 100 cm<\/td>\n<\/tr>\n<tr>\n<td>In \u1ea5n<\/td>\n<td>T\u1ed1i \u0111a 4 m\u00e0u ho\u1eb7c kh\u00f4ng in.<\/td>\n<\/tr>\n<tr>\n<td>Xu\u1ea5t kh\u1ea9u<\/td>\n<td>Ch\u00e2u \u00c2u, \u00dac, Newzeland, Canada\u2026.<\/td>\n<\/tr>\n<\/tbody>\n<\/table>\n","protected":false},"featured_media":657,"comment_status":"open","ping_status":"closed","template":"","meta":{"inline_featured_image":false},"product_cat":[15],"product_tag":[],"_links":{"self":[{"href":"https:\/\/gimex2.com.vn\/en\/wp-json\/wp\/v2\/product\/656"}],"collection":[{"href":"https:\/\/gimex2.com.vn\/en\/wp-json\/wp\/v2\/product"}],"about":[{"href":"https:\/\/gimex2.com.vn\/en\/wp-json\/wp\/v2\/types\/product"}],"replies":[{"embeddable":true,"href":"https:\/\/gimex2.com.vn\/en\/wp-json\/wp\/v2\/comments?post=656"}],"wp:featuredmedia":[{"embeddable":true,"href":"https:\/\/gimex2.com.vn\/en\/wp-json\/wp\/v2\/media\/657"}],"wp:attachment":[{"href":"https:\/\/gimex2.com.vn\/en\/wp-json\/wp\/v2\/media?parent=656"}],"wp:term":[{"taxonomy":"product_cat","embeddable":true,"href":"https:\/\/gimex2.com.vn\/en\/wp-json\/wp\/v2\/product_cat?post=656"},{"taxonomy":"product_tag","embeddable":true,"href":"https:\/\/gimex2.com.vn\/en\/wp-json\/wp\/v2\/product_tag?post=656"}],"curies":[{"name":"wp","href":"https:\/\/api.w.org\/{rel}","templated":true}]}}