{"id":615,"date":"2022-11-26T08:33:38","date_gmt":"2022-11-26T08:33:38","guid":{"rendered":"https:\/\/tuisinhhoc2.thienbinh.net\/?page_id=615"},"modified":"2022-11-28T07:11:15","modified_gmt":"2022-11-28T07:11:15","slug":"doi-tac","status":"publish","type":"page","link":"https:\/\/gimex2.com.vn\/en\/doi-tac\/","title":{"rendered":"\u0110\u1ed1i t\u00e1c"},"content":{"rendered":"\n  <div class=\"banner has-hover\" id=\"banner-975368543\">\n          <div class=\"banner-inner fill\">\n        <div class=\"banner-bg fill\" >\n            <div class=\"bg fill bg-fill \"><\/div>\n                                    \n                    <\/div>\n\t\t\n        <div class=\"banner-layers container\">\n            <div class=\"fill banner-link\"><\/div>            \n   <div id=\"text-box-1729015103\" class=\"text-box banner-layer x50 md-x50 lg-x50 y50 md-y50 lg-y50 res-text\">\n                                <div class=\"text-box-content text dark\">\n              \n              <div class=\"text-inner text-center\">\n                  \n<h3><strong>Tham gia gia \u0111\u00ecnh \u0111\u1ed1i t\u00e1c c\u1ee7a ch\u00fang t\u00f4i.<\/strong><\/h3>\n              <\/div>\n           <\/div>\n                            \n<style>\n#text-box-1729015103 {\n  width: 60%;\n}\n#text-box-1729015103 .text-box-content {\n  font-size: 100%;\n}\n<\/style>\n    <\/div>\n \n        <\/div>\n      <\/div>\n\n            \n<style>\n#banner-975368543 {\n  padding-top: 25%;\n}\n#banner-975368543 .bg.bg-loaded {\n  background-image: url(https:\/\/gimex2.com.vn\/wp-content\/uploads\/2022\/11\/45r4-1024x264-1.png);\n}\n#banner-975368543 .ux-shape-divider--top svg {\n  height: 150px;\n  --divider-top-width: 100%;\n}\n#banner-975368543 .ux-shape-divider--bottom svg {\n  height: 150px;\n  --divider-width: 100%;\n}\n<\/style>\n  <\/div>\n\n\n\t<section class=\"section\" id=\"section_73292130\">\n\t\t<div class=\"bg section-bg fill bg-fill  bg-loaded\" >\n\n\t\t\t\n\t\t\t\n\t\t\t\n\n\t\t<\/div>\n\n\t\t\n\n\t\t<div class=\"section-content relative\">\n\t\t\t\n<div class=\"row\"  id=\"row-472718764\">\n\n\t<div id=\"col-475422061\" class=\"col small-12 large-12\"  >\n\t\t\t\t<div class=\"col-inner\"  >\n\t\t\t\n\t\t\t\n\t<div id=\"gap-554938541\" class=\"gap-element clearfix\" style=\"display:block; height:auto;\">\n\t\t\n<style>\n#gap-554938541 {\n  padding-top: 30px;\n}\n<\/style>\n\t<\/div>\n\t\n<h3 style=\"text-align: center;\"><span style=\"font-size: 150%; color: #424242;\"><strong>L\u1ee3i \u00edch cho \u0110\u1ed1i T\u00e1c<\/strong><\/span><\/h3>\n\t<div id=\"gap-1624205536\" class=\"gap-element clearfix\" style=\"display:block; height:auto;\">\n\t\t\n<style>\n#gap-1624205536 {\n  padding-top: 30px;\n}\n<\/style>\n\t<\/div>\n\t\n<div class=\"row\"  id=\"row-1745276178\">\n\n\t<div id=\"col-758435886\" class=\"col medium-3 small-6 large-3\"  >\n\t\t\t\t<div class=\"col-inner\"  >\n\t\t\t\n\t\t\t\n\t<div class=\"box has-hover   has-hover box-text-bottom\" >\n\n\t\t<div class=\"box-image\" style=\"width:67%;\">\n\t\t\t\t\t\t<div class=\"\" >\n\t\t\t\t<img width=\"194\" height=\"186\" src=\"https:\/\/gimex2.com.vn\/wp-content\/uploads\/2022\/11\/33.png\" class=\"attachment-original size-original\" alt=\"\" decoding=\"async\" loading=\"lazy\" \/>\t\t\t\t\t\t\t\t\t\t\t<\/div>\n\t\t\t\t\t<\/div>\n\n\t\t<div class=\"box-text text-center\" >\n\t\t\t<div class=\"box-text-inner\">\n\t\t\t\t\n<h3>\u0110\u00e1ng tin c\u1eady<\/h3>\n<p><span style=\"font-size: 120%;\">Ch\u00fang t\u00f4i \u0111\u00e1p \u1ee9ng c\u00e1c cam k\u1ebft v\u1ec1 th\u1eddi gian, trong gi\u1edbi h\u1ea1n chi ph\u00ed t\u1ed1t nh\u1ea5t v\u00e0 ch\u1ea5t l\u01b0\u1ee3ng c\u1ea7n thi\u1ebft.<\/span><\/p>\n\t\t\t<\/div>\n\t\t<\/div>\n\t<\/div>\n\t\n\t\t<\/div>\n\t\t\t\t\t<\/div>\n\n\t\n\n\t<div id=\"col-579043453\" class=\"col medium-3 small-6 large-3\"  >\n\t\t\t\t<div class=\"col-inner\"  >\n\t\t\t\n\t\t\t\n\t<div class=\"box has-hover   has-hover box-text-bottom\" >\n\n\t\t<div class=\"box-image\" style=\"width:67%;\">\n\t\t\t\t\t\t<div class=\"\" >\n\t\t\t\t<img width=\"191\" height=\"185\" src=\"https:\/\/gimex2.com.vn\/wp-content\/uploads\/2022\/11\/22.png\" class=\"attachment-original size-original\" alt=\"\" decoding=\"async\" loading=\"lazy\" \/>\t\t\t\t\t\t\t\t\t\t\t<\/div>\n\t\t\t\t\t<\/div>\n\n\t\t<div class=\"box-text text-center\" >\n\t\t\t<div class=\"box-text-inner\">\n\t\t\t\t\n<h3>Th\u00edch h\u1ee3p<\/h3>\n<p><span style=\"font-size: 120%;\">M\u1ecdi l\u00fac, \u0111\u00fang gi\u1edd l\u00e0 ph\u01b0\u01a1ng ch\u00e2m c\u1ee7a ch\u00fang t\u00f4i \u0111\u1ec3 ph\u00f9 h\u1ee3p v\u1edbi c\u00e1c thu\u1ed9c t\u00ednh c\u1ee7a ch\u00fang t\u00f4i.<\/span><\/p>\n\t\t\t<\/div>\n\t\t<\/div>\n\t<\/div>\n\t\n\t\t<\/div>\n\t\t\t\t\t<\/div>\n\n\t\n\n\t<div id=\"col-1241006245\" class=\"col medium-3 small-6 large-3\"  >\n\t\t\t\t<div class=\"col-inner\"  >\n\t\t\t\n\t\t\t\n\t<div class=\"box has-hover   has-hover box-text-bottom\" >\n\n\t\t<div class=\"box-image\" style=\"width:64%;\">\n\t\t\t\t\t\t<div class=\"\" >\n\t\t\t\t<img width=\"183\" height=\"183\" src=\"https:\/\/gimex2.com.vn\/wp-content\/uploads\/2022\/11\/de2.png\" class=\"attachment-original size-original\" alt=\"\" decoding=\"async\" loading=\"lazy\" srcset=\"https:\/\/gimex2.com.vn\/wp-content\/uploads\/2022\/11\/de2.png 183w, https:\/\/gimex2.com.vn\/wp-content\/uploads\/2022\/11\/de2-100x100.png 100w\" sizes=\"(max-width: 183px) 100vw, 183px\" \/>\t\t\t\t\t\t\t\t\t\t\t<\/div>\n\t\t\t\t\t<\/div>\n\n\t\t<div class=\"box-text text-center\" >\n\t\t\t<div class=\"box-text-inner\">\n\t\t\t\t\n<h3>Trong su\u1ed1t<\/h3>\n<p><span style=\"font-size: 120%;\">Ch\u00fang t\u00f4i minh b\u1ea1ch v\u1ec1 chi ph\u00ed, tu\u00e2n th\u1ee7 x\u00e3 h\u1ed9i v\u00e0 ph\u00e1p l\u00fd, c\u0169ng nh\u01b0 giao d\u1ecbch v\u1edbi c\u00e1c nh\u00e0 cung c\u1ea5p \u0111\u01b0\u1ee3c ch\u1ec9 \u0111\u1ecbnh.<\/span><\/p>\n\t\t\t<\/div>\n\t\t<\/div>\n\t<\/div>\n\t\n\t\t<\/div>\n\t\t\t\t\t<\/div>\n\n\t\n\n\t<div id=\"col-1566034245\" class=\"col medium-3 small-6 large-3\"  >\n\t\t\t\t<div class=\"col-inner\"  >\n\t\t\t\n\t\t\t\n\t<div class=\"box has-hover   has-hover box-text-bottom\" >\n\n\t\t<div class=\"box-image\" style=\"width:67%;\">\n\t\t\t\t\t\t<div class=\"\" >\n\t\t\t\t<img width=\"186\" height=\"182\" src=\"https:\/\/gimex2.com.vn\/wp-content\/uploads\/2022\/11\/543.png\" class=\"attachment-original size-original\" alt=\"\" decoding=\"async\" loading=\"lazy\" \/>\t\t\t\t\t\t\t\t\t\t\t<\/div>\n\t\t\t\t\t<\/div>\n\n\t\t<div class=\"box-text text-center\" >\n\t\t\t<div class=\"box-text-inner\">\n\t\t\t\t\n<h3><strong>Linh ho\u1ea1t<\/strong><\/h3>\n<p><span style=\"font-size: 120%;\">Ch\u00fang t\u00f4i s\u1eafp x\u1ebfp l\u1ea1i \u01b0u ti\u00ean cho vi\u1ec7c giao h\u00e0ng s\u1edbm, l\u00e0m l\u1ea1i qu\u1ea3ng c\u00e1o v\u00e0 th\u1ef1c hi\u1ec7n c\u00e1c thay \u0111\u1ed5i trong h\u01b0\u1edbng d\u1eabn v\u1eadn chuy\u1ec3n. Do \u0111\u00f3, ch\u00fang t\u00f4i kh\u00f4ng ch\u1ec9 tr\u1edf th\u00e0nh k\u1ebb tr\u1ee5c l\u1ee3i giao d\u1ecbch c\u1ee7a b\u1ea1n m\u00e0 c\u00f2n tr\u1edf th\u00e0nh \u0111\u1ed1i t\u00e1c c\u1ee7a b\u1ea1n.<\/span><\/p>\n\t\t\t<\/div>\n\t\t<\/div>\n\t<\/div>\n\t\n\t\t<\/div>\n\t\t\t\t\t<\/div>\n\n\t\n<\/div>\n\t\t<\/div>\n\t\t\t\t\t<\/div>\n\n\t\n<\/div>\n\t\t<\/div>\n\n\t\t\n<style>\n#section_73292130 {\n  padding-top: 0px;\n  padding-bottom: 0px;\n  background-color: rgb(255, 165, 60);\n}\n#section_73292130 .ux-shape-divider--top svg {\n  height: 150px;\n  --divider-top-width: 100%;\n}\n#section_73292130 .ux-shape-divider--bottom svg {\n  height: 150px;\n  --divider-width: 100%;\n}\n<\/style>\n\t<\/section>\n\t\n\t<section class=\"section\" id=\"section_1891430021\">\n\t\t<div class=\"bg section-bg fill bg-fill  bg-loaded\" >\n\n\t\t\t\n\t\t\t\n\t\t\t\n\n\t\t<\/div>\n\n\t\t\n\n\t\t<div class=\"section-content relative\">\n\t\t\t\n<div class=\"row\"  id=\"row-88339975\">\n\n\t<div id=\"col-1492344240\" class=\"col small-12 large-12\"  >\n\t\t\t\t<div class=\"col-inner\"  >\n\t\t\t\n\t\t\t\n<div class=\"row\"  id=\"row-1047378678\">\n\n\t<div id=\"col-913341384\" class=\"col hide-for-medium medium-3 small-12 large-3\"  >\n\t\t\t\t<div class=\"col-inner\"  >\n\t\t\t\n\t\t\t\n\t\t<\/div>\n\t\t\t\t\t<\/div>\n\n\t\n\n\t<div id=\"col-2098637614\" class=\"col medium-6 small-12 large-6\"  >\n\t\t\t\t<div class=\"col-inner dark\"  >\n\t\t\t\n\t\t\t\n<h2 style=\"text-align: center;\"><span style=\"font-size: 140%;\">Tham gia v\u1edbi ch\u00fang t\u00f4i<\/span><\/h2>\n<h4>\u00a0<\/h4>\n<h4>L\u00e0m sao \u0111\u1ec3 \u0111\u0103ng k\u00ed?<\/h4>\n<p>N\u1ebfu b\u1ea1n \u0111ang mu\u1ed1n tr\u1edf th\u00e0nh \u0111\u1ed1i t\u00e1c c\u1ee7a ch\u00fang t\u00f4i trong c\u00e1c khu v\u1ef1c \u0111\u01b0\u1ee3c \u0111\u1ec1 c\u1eadp \u1edf tr\u00ean, vui l\u00f2ng \u0111i\u1ec1n v\u00e0o bi\u1ec3u m\u1eabu b\u00ean d\u01b0\u1edbi v\u00e0 ch\u00fang t\u00f4i s\u1ebd li\u00ean h\u1ec7 v\u1edbi b\u1ea1n<\/p>\n<div role=\"form\" class=\"wpcf7\" id=\"wpcf7-f10-o1\" lang=\"en-US\" dir=\"ltr\">\n<div class=\"screen-reader-response\"><p role=\"status\" aria-live=\"polite\" aria-atomic=\"true\"><\/p> <ul><\/ul><\/div>\n<form action=\"\/en\/wp-json\/wp\/v2\/pages\/615#wpcf7-f10-o1\" method=\"post\" class=\"wpcf7-form init\" novalidate=\"novalidate\" data-status=\"init\">\n<div style=\"display: none;\">\n<input type=\"hidden\" name=\"_wpcf7\" value=\"10\" \/>\n<input type=\"hidden\" name=\"_wpcf7_version\" value=\"5.6.4\" \/>\n<input type=\"hidden\" name=\"_wpcf7_locale\" value=\"en_US\" \/>\n<input type=\"hidden\" name=\"_wpcf7_unit_tag\" value=\"wpcf7-f10-o1\" \/>\n<input type=\"hidden\" name=\"_wpcf7_container_post\" value=\"0\" \/>\n<input type=\"hidden\" name=\"_wpcf7_posted_data_hash\" value=\"\" \/>\n<\/div>\n<p><span class=\"wpcf7-form-control-wrap\" data-name=\"text-972\"><input type=\"text\" name=\"text-972\" value=\"\" size=\"40\" class=\"wpcf7-form-control wpcf7-text wpcf7-validates-as-required\" aria-required=\"true\" aria-invalid=\"false\" placeholder=\"H\u1ecd v\u00e0 t\u00ean\" \/><\/span><br \/>\n<span class=\"wpcf7-form-control-wrap\" data-name=\"email-144\"><input type=\"email\" name=\"email-144\" value=\"\" size=\"40\" class=\"wpcf7-form-control wpcf7-text wpcf7-email wpcf7-validates-as-required wpcf7-validates-as-email\" aria-required=\"true\" aria-invalid=\"false\" placeholder=\"Email\" \/><\/span><br \/>\n<span class=\"wpcf7-form-control-wrap\" data-name=\"tel-324\"><input type=\"tel\" name=\"tel-324\" value=\"\" size=\"40\" class=\"wpcf7-form-control wpcf7-text wpcf7-tel wpcf7-validates-as-required wpcf7-validates-as-tel\" aria-required=\"true\" aria-invalid=\"false\" placeholder=\"S\u1ed1 \u0111i\u1ec7n tho\u1ea1i\" \/><\/span><br \/>\n<span class=\"wpcf7-form-control-wrap\" data-name=\"textarea-49\"><textarea name=\"textarea-49\" cols=\"40\" rows=\"10\" class=\"wpcf7-form-control wpcf7-textarea wpcf7-validates-as-required\" aria-required=\"true\" aria-invalid=\"false\" placeholder=\"N\u1ed9i dung\"><\/textarea><\/span><br \/>\n<input type=\"submit\" value=\"G\u1eedi\" class=\"wpcf7-form-control has-spinner wpcf7-submit\" \/><\/p>\n<div class=\"wpcf7-response-output\" aria-hidden=\"true\"><\/div><\/form><\/div>\n\t\t<\/div>\n\t\t\t\t\t<\/div>\n\n\t\n\n\t<div id=\"col-151977965\" class=\"col hide-for-medium medium-3 small-12 large-3\"  >\n\t\t\t\t<div class=\"col-inner\"  >\n\t\t\t\n\t\t\t\n\t\t<\/div>\n\t\t\t\t\t<\/div>\n\n\t\n<\/div>\n\t\t<\/div>\n\t\t\t\t\t<\/div>\n\n\t\n<\/div>\n\t\t<\/div>\n\n\t\t\n<style>\n#section_1891430021 {\n  padding-top: 30px;\n  padding-bottom: 30px;\n  background-color: rgb(25, 128, 219);\n}\n#section_1891430021 .ux-shape-divider--top svg {\n  height: 150px;\n  --divider-top-width: 100%;\n}\n#section_1891430021 .ux-shape-divider--bottom svg {\n  height: 150px;\n  --divider-width: 100%;\n}\n<\/style>\n\t<\/section>\n\t\n","protected":false},"excerpt":{"rendered":"","protected":false},"author":1,"featured_media":0,"parent":0,"menu_order":0,"comment_status":"closed","ping_status":"closed","template":"page-blank.php","meta":{"inline_featured_image":false},"_links":{"self":[{"href":"https:\/\/gimex2.com.vn\/en\/wp-json\/wp\/v2\/pages\/615"}],"collection":[{"href":"https:\/\/gimex2.com.vn\/en\/wp-json\/wp\/v2\/pages"}],"about":[{"href":"https:\/\/gimex2.com.vn\/en\/wp-json\/wp\/v2\/types\/page"}],"author":[{"embeddable":true,"href":"https:\/\/gimex2.com.vn\/en\/wp-json\/wp\/v2\/users\/1"}],"replies":[{"embeddable":true,"href":"https:\/\/gimex2.com.vn\/en\/wp-json\/wp\/v2\/comments?post=615"}],"version-history":[{"count":4,"href":"https:\/\/gimex2.com.vn\/en\/wp-json\/wp\/v2\/pages\/615\/revisions"}],"predecessor-version":[{"id":738,"href":"https:\/\/gimex2.com.vn\/en\/wp-json\/wp\/v2\/pages\/615\/revisions\/738"}],"wp:attachment":[{"href":"https:\/\/gimex2.com.vn\/en\/wp-json\/wp\/v2\/media?parent=615"}],"curies":[{"name":"wp","href":"https:\/\/api.w.org\/{rel}","templated":true}]}}