{"id":2392,"date":"2025-09-29T16:19:17","date_gmt":"2025-09-29T09:19:17","guid":{"rendered":"https:\/\/gimex2.com.vn\/?page_id=2392"},"modified":"2025-10-08T16:35:34","modified_gmt":"2025-10-08T09:35:34","slug":"faqs","status":"publish","type":"page","link":"https:\/\/gimex2.com.vn\/en\/faqs\/","title":{"rendered":"FAQs"},"content":{"rendered":"<div class=\"banner has-hover\" id=\"banner-1378335666\">\n          <div class=\"banner-inner fill\">\n        <div class=\"banner-bg fill\" >\n            <div class=\"bg fill bg-fill \"><\/div>\n                                    \n                    <\/div>\n\t\t\n        <div class=\"banner-layers container\">\n            <div class=\"fill banner-link\"><\/div>            \n   <div id=\"text-box-1999895521\" class=\"text-box banner-layer x50 md-x50 lg-x50 y50 md-y50 lg-y50 res-text\">\n                                <div class=\"text-box-content text dark\">\n              \n              <div class=\"text-inner text-center\">\n                  \n<h3><strong>C\u00c2U H\u1eceI TH\u01af\u1edcNG G\u1eb6P (FAQS)<\/strong><\/h3>\n              <\/div>\n           <\/div>\n                            \n<style>\n#text-box-1999895521 {\n  width: 60%;\n}\n#text-box-1999895521 .text-box-content {\n  font-size: 100%;\n}\n<\/style>\n    <\/div>\n \n        <\/div>\n      <\/div>\n\n              <div class=\"height-fix is-invisible\"><img width=\"800\" height=\"311\" src=\"https:\/\/gimex2.com.vn\/wp-content\/uploads\/2025\/10\/bao-bi-phan-huy-sinh-hoc-gimex-II-800x311.jpg\" class=\"attachment-medium size-medium\" alt=\"\" decoding=\"async\" loading=\"lazy\" srcset=\"https:\/\/gimex2.com.vn\/wp-content\/uploads\/2025\/10\/bao-bi-phan-huy-sinh-hoc-gimex-II-800x311.jpg 800w, https:\/\/gimex2.com.vn\/wp-content\/uploads\/2025\/10\/bao-bi-phan-huy-sinh-hoc-gimex-II-1400x544.jpg 1400w, https:\/\/gimex2.com.vn\/wp-content\/uploads\/2025\/10\/bao-bi-phan-huy-sinh-hoc-gimex-II-768x299.jpg 768w, https:\/\/gimex2.com.vn\/wp-content\/uploads\/2025\/10\/bao-bi-phan-huy-sinh-hoc-gimex-II-1536x597.jpg 1536w, https:\/\/gimex2.com.vn\/wp-content\/uploads\/2025\/10\/bao-bi-phan-huy-sinh-hoc-gimex-II-2048x796.jpg 2048w\" sizes=\"(max-width: 800px) 100vw, 800px\" \/><\/div>\n            \n<style>\n#banner-1378335666 .bg.bg-loaded {\n  background-image: url(https:\/\/gimex2.com.vn\/wp-content\/uploads\/2025\/10\/bao-bi-phan-huy-sinh-hoc-gimex-II-800x311.jpg);\n}\n#banner-1378335666 .ux-shape-divider--top svg {\n  height: 150px;\n  --divider-top-width: 100%;\n}\n#banner-1378335666 .ux-shape-divider--bottom svg {\n  height: 150px;\n  --divider-width: 100%;\n}\n<\/style>\n  <\/div>\n\n\n<div class=\"row\"  id=\"row-318747834\">\n\n\t<div id=\"col-68843510\" class=\"col small-12 large-12\"  >\n\t\t\t\t<div class=\"col-inner\"  >\n\t\t\t\n\t\t\t\n<h3><span style=\"color: #50b848;\"><strong>C\u00e2u h\u1ecfi chung v\u1ec1 s\u1ea3n ph\u1ea9m v\u00e0 ch\u1ee9ng ch\u1ec9<\/strong><\/span><\/h3>\n<div class=\"accordion\">\n<div id=\"accordion-3906440678\" class=\"accordion-item\"><a id=\"accordion-3906440678-label\" href=\"#\" class=\"accordion-title plain\" aria-expanded=\"false\" aria-controls=\"accordion-3906440678-content\"><button class=\"toggle\" aria-label=\"Toggle\"><i class=\"icon-angle-down\"><\/i><\/button><span>1. \u0110\u00f4i n\u00e9t v\u1ec1 Gimex II<\/span><\/a><div id=\"accordion-3906440678-content\" class=\"accordion-inner\" aria-labelledby=\"accordion-3906440678-label\">\n<p style=\"text-align: justify;\"><span style=\"font-weight: 400;\"><strong>GIMEX II<\/strong> (C\u00f4ng ty TNHH S\u1ea3n Xu\u1ea5t Th\u01b0\u01a1ng M\u1ea1i T\u1ed4NG H\u1ee2P II) l\u00e0 nh\u00e0 s\u1ea3n xu\u1ea5t bao b\u00ec ph\u00e2n h\u1ee7y sinh h\u1ecdc, bao b\u00ec nh\u1ef1a th\u00e2n thi\u1ec7n m\u00f4i tr\u01b0\u1eddng t\u1ea1i TP.HCM v\u1edbi h\u01a1n 12 n\u0103m kinh nghi\u1ec7m, chuy\u00ean cung c\u1ea5p c\u00e1c gi\u1ea3i ph\u00e1p bao b\u00ec cho chu\u1ed7i b\u00e1n l\u1ebb, si\u00eau th\u1ecb, F&amp;B v\u00e0 c\u01a1 s\u1edf y t\u1ebf,&#8230; k\u1ebft h\u1ee3p n\u0103ng l\u1ef1c s\u1ea3n xu\u1ea5t quy m\u00f4, ki\u1ec3m so\u00e1t ch\u1ea5t l\u01b0\u1ee3ng ch\u1eb7t ch\u1ebd v\u00e0 thi\u1ebft k\u1ebf ti\u1ec7n d\u1ee5ng, GIMEX II gi\u00fap doanh nghi\u1ec7p chuy\u1ec3n \u0111\u1ed5i sang bao b\u00ec b\u1ec1n v\u1eefng, t\u1ed1i \u01b0u chi ph\u00ed v\u00e0 n\u00e2ng t\u1ea7m nh\u1eadn di\u1ec7n th\u01b0\u01a1ng hi\u1ec7u, \u0111\u1ed3ng th\u1eddi h\u1ed7 tr\u1ee3 t\u01b0 v\u1ea5n m\u1eabu th\u1eed v\u00e0 s\u1ea3n xu\u1ea5t theo y\u00eau c\u1ea7u.<\/span><\/p>\n<\/div><\/div>\n<div id=\"accordion-2275297661\" class=\"accordion-item\"><a id=\"accordion-2275297661-label\" href=\"#\" class=\"accordion-title plain\" aria-expanded=\"false\" aria-controls=\"accordion-2275297661-content\"><button class=\"toggle\" aria-label=\"Toggle\"><i class=\"icon-angle-down\"><\/i><\/button><span>2. Gimex II c\u00f3 c\u00e1c s\u1ea3n ph\u1ea9m g\u00ec?<\/span><\/a><div id=\"accordion-2275297661-content\" class=\"accordion-inner\" aria-labelledby=\"accordion-2275297661-label\">\n<p style=\"text-align: justify;\">Gimex II cung c\u1ea5p 2 d\u00f2ng s\u1ea3n ph\u1ea9m theo ti\u00eau ch\u00ed Nh\u00e3n Sinh Th\u00e1i c\u1ee7a B\u1ed9 N\u00f4ng Nghi\u1ec7p M\u00f4i Tr\u01b0\u1eddng.<\/p>\n<ul style=\"text-align: justify;\">\n<li>Bao b\u00ec nh\u1ef1a th\u00e2n thi\u1ec7n m\u00f4i tr\u01b0\u1eddng Gimex II &#8211; Nh\u00e3n Sinh Th\u00e1i VN-ECO-2025-001 . Bao b\u00ec s\u1eed d\u1ee5ng t\u1ed1i thi\u1ec3u 20% nguy\u00ean li\u1ec7u s\u1ea3n xu\u1ea5t t\u1eeb nh\u1ef1a t\u00e1i ch\u1ebf. \u1ee8ng d\u1ee5ng r\u1ed9ng r\u00e3i trong c\u00e1c s\u1ea3n ph\u1ea9m t\u00fai quai x\u00e1ch, t\u00fai si\u00eau th\u1ecb, t\u00fai \u0111\u1ef1ng r\u00e1c \u1edf b\u1ec7nh vi\u1ec7n, tr\u01b0\u1eddng h\u1ecdc, trung t\u00e2m th\u01b0\u01a1ng m\u1ea1i&#8230;.<\/li>\n<li>Bao b\u00ec nh\u1ef1a ph\u00e2n hu\u1ef7 sinh h\u1ecdc Gimex II &#8211; Nh\u00e3n Sinh Th\u00e1i VN-ECO-2025-011 . Bao b\u00ec c\u00f3 kh\u1ea3 n\u0103ng ph\u00e2n hu\u1ef7 tr\u00ean 90% trong v\u00f2ng 2 n\u0103m, l\u00e0m t\u1eeb nguy\u00ean li\u1ec7u PBAT<\/li>\n<\/ul>\n<p style=\"text-align: justify;\"><span style=\"font-weight: 400;\">GIMEX II cung c\u1ea5p \u0111a d\u1ea1ng gi\u1ea3i ph\u00e1p bao b\u00ec ph\u00e2n h\u1ee7y sinh h\u1ecdc (PBAT) \u2014 bao g\u1ed3m t\u00fai si\u00eau th\u1ecb, t\u00fai \u0111\u1ef1ng th\u1ef1c ph\u1ea9m, t\u00fai quai (T-shirt), t\u00fai cu\u1ed9n, t\u00fai \u0111\u1ef1ng ly\/takeaway, t\u00fai zipper\/\u00e9p, t\u00fai r\u00e1c sinh h\u1ecdc, g\u0103ng tay v\u00e0 c\u00e1c lo\u1ea1i t\u00fai s\u1ea3n xu\u1ea5t theo k\u00edch th\u01b0\u1edbc, \u0111\u1ed9 d\u00e0y v\u00e0 thi\u1ebft k\u1ebf y\u00eau c\u1ea7u cho chu\u1ed7i b\u00e1n l\u1ebb, F&amp;B v\u00e0 c\u01a1 s\u1edf y t\u1ebf; s\u1ea3n ph\u1ea9m \u0111\u01b0\u1ee3c thi\u1ebft k\u1ebf ti\u1ec7n d\u1ee5ng, th\u1ea9m m\u1ef9, c\u00f3 th\u1ec3 t\u00f9y ch\u1ec9nh nh\u00e3n\/bao b\u00ec, \u0111\u1ed3ng th\u1eddi \u0111i k\u00e8m t\u01b0 v\u1ea5n m\u1eabu th\u1eed v\u00e0 h\u1ed7 tr\u1ee3 k\u1ef9 thu\u1eadt \u0111\u1ec3 doanh nghi\u1ec7p d\u1ec5 d\u00e0ng chuy\u1ec3n \u0111\u1ed5i sang bao b\u00ec b\u1ec1n v\u1eefng.<\/span><\/p>\n<\/div><\/div>\n<div id=\"accordion-4187796187\" class=\"accordion-item\"><a id=\"accordion-4187796187-label\" href=\"#\" class=\"accordion-title plain\" aria-expanded=\"false\" aria-controls=\"accordion-4187796187-content\"><button class=\"toggle\" aria-label=\"Toggle\"><i class=\"icon-angle-down\"><\/i><\/button><span>3 S\u1ea3n ph\u1ea9m c\u1ee7a Gimex II \u0111\u01b0\u1ee3c s\u1ea3n xu\u1ea5t \u1edf \u0111\u00e2u?<\/span><\/a><div id=\"accordion-4187796187-content\" class=\"accordion-inner\" aria-labelledby=\"accordion-4187796187-label\">\n<p><span style=\"font-weight: 400;\">Bao b\u00ec th\u00e2n thi\u1ec7n m\u00f4i tr\u01b0\u1eddng &amp; ph\u00e2n hu\u1ef7 sinh h\u1ecdc Gimex II \u0111\u01b0\u1ee3c s\u1ea3n xu\u1ea5t t\u1eadp trung t\u1ea1i nh\u00e0 m\u00e1y B\u00ecnh Ch\u00e1nh \u2014 c\u01a1 s\u1edf s\u1ea3n xu\u1ea5t r\u1ed9ng kho\u1ea3ng 3.500 m\u00b2 \u0111\u1eb7t t\u1ea1i A12\/286B B\u00e0 T\u1ef5, \u1ea4p 1,\u00a0 X\u00e3 T\u00e2n Nh\u1ef1t, Huy\u1ec7n B\u00ecnh Ch\u00e1nh, TP. HCM. T\u1ea1i \u0111\u00e2y, c\u00f4ng ty v\u1eadn h\u00e0nh d\u00e2y chuy\u1ec1n v\u00e0 m\u00e1y m\u00f3c chuy\u00ean d\u1ee5ng, \u00e1p d\u1ee5ng quy tr\u00ecnh ki\u1ec3m so\u00e1t ch\u1ea5t l\u01b0\u1ee3ng nghi\u00eam ng\u1eb7t t\u1eeb kh\u00e2u l\u1ef1a ch\u1ecdn nguy\u00ean li\u1ec7u PBAT\/PLA \u0111\u1ebfn \u0111\u00f3ng g\u00f3i cu\u1ed1i c\u00f9ng, nh\u1eb1m \u0111\u1ea3m b\u1ea3o n\u0103ng l\u1ef1c s\u1ea3n xu\u1ea5t l\u1edbn, \u0111\u00e1p \u1ee9ng \u0111\u01a1n h\u00e0ng s\u1ed1 l\u01b0\u1ee3ng c\u00f4ng nghi\u1ec7p v\u00e0 y\u00eau c\u1ea7u t\u00f9y ch\u1ec9nh v\u1ec1 k\u00edch th\u01b0\u1edbc, \u0111\u1ed9 d\u00e0y, in \u1ea5n nh\u00e3n hi\u1ec7u. Nh\u00e0 m\u00e1y c\u0169ng t\u00edch h\u1ee3p khu v\u1ef1c th\u1eed nghi\u1ec7m m\u1eabu v\u00e0 b\u1ed9 ph\u1eadn h\u1ed7 tr\u1ee3 k\u1ef9 thu\u1eadt \u0111\u1ec3 r\u00fat ng\u1eafn th\u1eddi gian chuy\u1ec3n \u0111\u1ed5i m\u1eabu sang s\u1ea3n xu\u1ea5t \u0111\u1ea1i tr\u00e0, gi\u00fap \u0111\u1ed1i t\u00e1c y\u00ean t\u00e2m v\u1ec1 ti\u1ebfn \u0111\u1ed9, chi ph\u00ed v\u00e0 ti\u00eau ch\u00ed th\u00e2n thi\u1ec7n m\u00f4i tr\u01b0\u1eddng khi chuy\u1ec3n sang gi\u1ea3i ph\u00e1p bao b\u00ec ph\u00e2n h\u1ee7y sinh h\u1ecdc.<\/span><\/p>\n<\/div><\/div>\n<\/div>\n<div class=\"accordion\">\n<div id=\"accordion-3263162915\" class=\"accordion-item\"><a id=\"accordion-3263162915-label\" href=\"#\" class=\"accordion-title plain\" aria-expanded=\"false\" aria-controls=\"accordion-3263162915-content\"><button class=\"toggle\" aria-label=\"Toggle\"><i class=\"icon-angle-down\"><\/i><\/button><span>4. T\u1ea1i sao s\u1ea3n ph\u1ea9m c\u1ee7a Gimex II \u0111\u01b0\u1ee3c g\u1ecdi l\u00e0 s\u1ea3n ph\u1ea9m ph\u00e2n h\u1ee7y sinh h\u1ecdc?<\/span><\/a><div id=\"accordion-3263162915-content\" class=\"accordion-inner\" aria-labelledby=\"accordion-3263162915-label\">\n<p style=\"text-align: justify;\">S\u1ea3n ph\u1ea9m bao b\u00ec nh\u1ef1a ph\u00e2n hu\u1ef7 sinh h\u1ecdc Gimex II l\u00e0m t\u1eeb nguy\u00ean nh\u1ef1a ph\u00e2n hu\u1ef7 sinh h\u1ecdc PBAT , c\u00f3 ch\u1ee9ng nh\u1eadn ok Compost home c\u1ee7a TUV.\u00a0 Ch\u00ednh v\u00ec v\u1eady, c\u00e1c s\u1ea3n ph\u1ea9m n\u00e0y sau khi s\u1eed d\u1ee5ng s\u1ebd \u0111\u01b0\u1ee3c x\u1eed l\u00fd ch\u00f4n l\u1ea5p t\u1ea1i gia ho\u1eb7c trong \u0111i\u1ec1u ki\u1ec7n x\u1eed l\u00fd ch\u00f4n l\u1ea5p r\u00e1c th\u1ea3i c\u00f4ng nghi\u1ec7p \u0111\u1ec3 \u0111\u01b0\u1ee3c c\u00e1c vi sinh v\u1eadt bi\u1ebfn \u0111\u1ed5i ho\u00e0n to\u00e0n th\u00e0nh kh\u00ed CO2, n\u01b0\u1edbc v\u00e0 m\u00f9n \u0111\u1ea5t. \u0110\u00e2y l\u00e0 \u0111i\u1ec1u ki\u1ec7n ti\u00ean quy\u1ebft cho c\u00e1c s\u1ea3n ph\u1ea9m ph\u00e2n h\u1ee7y sinh h\u1ecdc.<\/p>\n<\/div><\/div>\n<div id=\"accordion-3530889856\" class=\"accordion-item\"><a id=\"accordion-3530889856-label\" href=\"#\" class=\"accordion-title plain\" aria-expanded=\"false\" aria-controls=\"accordion-3530889856-content\"><button class=\"toggle\" aria-label=\"Toggle\"><i class=\"icon-angle-down\"><\/i><\/button><span>5. S\u1ea3n ph\u1ea9m Gimex II \u0111\u01b0\u1ee3c \u0111\u01a1n v\u1ecb n\u00e0o ki\u1ec3m \u0111\u1ecbnh ch\u1ea5t l\u01b0\u1ee3ng?<\/span><\/a><div id=\"accordion-3530889856-content\" class=\"accordion-inner\" aria-labelledby=\"accordion-3530889856-label\">\n<p style=\"text-align: justify;\"><span style=\"font-weight: 400;\">S\u1ea3n ph\u1ea9m c\u1ee7a Gimex II \u0111\u00e3 \u0111\u1ea1t \u0111\u01b0\u1ee3c nhi\u1ec1u ch\u1ee9ng nh\u1eadn trong v\u00e0 ngo\u00e0i n\u01b0\u1edbc, kh\u1eb3ng \u0111\u1ecbnh ch\u1ea5t l\u01b0\u1ee3ng v\u00e0 s\u1ef1 th\u00e2n thi\u1ec7n m\u00f4i tr\u01b0\u1eddng, bao g\u1ed3m: Ch\u1ee9ng nh\u1eadn Nh\u00e3n Sinh Th\u00e1i Vi\u1ec7t Nam cho Bao b\u00ec nh\u1ef1a ph\u00e2n h\u1ee7y sinh h\u1ecdc Gimex II (m\u00e3 s\u1ed1 VN-ECO-2025-011) v\u00e0 Bao b\u00ec nh\u1ef1a th\u00e2n thi\u1ec7n m\u00f4i tr\u01b0\u1eddng Gimex II (m\u00e3 s\u1ed1 VN-ECO-2025-001) do B\u1ed9 N\u00f4ng Nghi\u1ec7p M\u00f4i Tr\u01b0\u1eddng th\u1ea9m \u0111\u1ecbnh, ki\u1ec3m tra v\u00e0 c\u1ea5p ph\u00e9p; Ch\u1ee9ng nh\u1eadn OK Compost Home c\u1ee7a T\u00dcV Austria; Ch\u1ee9ng nh\u1eadn ISO14001-2015 H\u1ec7 th\u1ed1ng qu\u1ea3n l\u00fd m\u00f4i tr\u01b0\u1eddng, c\u00f9ng v\u1edbi h\u1ec7 th\u1ed1ng qu\u1ea3n l\u00fd ch\u1ea5t l\u01b0\u1ee3ng \u0111\u1ea1t chu\u1ea9n ISO 9001:2015 \u0111\u01b0\u1ee3c ki\u1ec3m \u0111\u1ecbnh b\u1edfi Isocert. \u0110\u00e2y l\u00e0 minh ch\u1ee9ng r\u00f5 r\u00e0ng cho cam k\u1ebft c\u1ee7a Gimex II v\u1ec1 ch\u1ea5t l\u01b0\u1ee3ng s\u1ea3n ph\u1ea9m v\u00e0 tr\u00e1ch nhi\u1ec7m b\u1ea3o v\u1ec7 m\u00f4i tr\u01b0\u1eddng.<\/span><\/p>\n<p>\u00a0<\/p>\n<p style=\"text-align: justify;\">\u00a0<\/p>\n<\/div><\/div>\n<\/div>\n\t\t<\/div>\n\t\t\t\t\t<\/div>\n\n\t\n<\/div>\n<\/p>","protected":false},"excerpt":{"rendered":"","protected":false},"author":1,"featured_media":0,"parent":0,"menu_order":0,"comment_status":"closed","ping_status":"closed","template":"page-blank.php","meta":{"inline_featured_image":false},"_links":{"self":[{"href":"https:\/\/gimex2.com.vn\/en\/wp-json\/wp\/v2\/pages\/2392"}],"collection":[{"href":"https:\/\/gimex2.com.vn\/en\/wp-json\/wp\/v2\/pages"}],"about":[{"href":"https:\/\/gimex2.com.vn\/en\/wp-json\/wp\/v2\/types\/page"}],"author":[{"embeddable":true,"href":"https:\/\/gimex2.com.vn\/en\/wp-json\/wp\/v2\/users\/1"}],"replies":[{"embeddable":true,"href":"https:\/\/gimex2.com.vn\/en\/wp-json\/wp\/v2\/comments?post=2392"}],"version-history":[{"count":23,"href":"https:\/\/gimex2.com.vn\/en\/wp-json\/wp\/v2\/pages\/2392\/revisions"}],"predecessor-version":[{"id":2425,"href":"https:\/\/gimex2.com.vn\/en\/wp-json\/wp\/v2\/pages\/2392\/revisions\/2425"}],"wp:attachment":[{"href":"https:\/\/gimex2.com.vn\/en\/wp-json\/wp\/v2\/media?parent=2392"}],"curies":[{"name":"wp","href":"https:\/\/api.w.org\/{rel}","templated":true}]}}