{"id":2239,"date":"2025-09-04T10:21:28","date_gmt":"2025-09-04T03:21:28","guid":{"rendered":"https:\/\/gimex2.com.vn\/?page_id=2239"},"modified":"2026-05-14T11:47:05","modified_gmt":"2026-05-14T04:47:05","slug":"chung-nhan-nhan-sinh-thai-bao-bi-phan-huy-sinh-hoc","status":"publish","type":"page","link":"https:\/\/gimex2.com.vn\/en\/chung-nhan-nhan-sinh-thai-bao-bi-phan-huy-sinh-hoc\/","title":{"rendered":"Ch\u1ee9ng nh\u1eadn Nh\u00e3n Sinh Th\u00e1i &#8211; Bao b\u00ec nh\u1ef1a ph\u00e2n h\u1ee7y sinh h\u1ecdc Gimex II M\u00e3 s\u1ed1 VN-ECO-2025-001"},"content":{"rendered":"<section class=\"section\" id=\"section_70626271\">\n\t\t<div class=\"bg section-bg fill bg-fill  bg-loaded\" >\n\n\t\t\t\n\t\t\t\n\t\t\t\n\n\t\t<\/div>\n\n\t\t\n\n\t\t<div class=\"section-content relative\">\n\t\t\t\n<div class=\"row\"  id=\"row-1902169833\">\n\n\t<div id=\"col-1076034174\" class=\"col small-12 large-12\"  >\n\t\t\t\t<div class=\"col-inner\"  >\n\t\t\t\n\t\t\t\n\t<div id=\"text-2143241193\" class=\"text\">\n\t\t\n<h2><strong>Ch\u1ee9ng nh\u1eadn Nh\u00e3n Sinh Th\u00e1i &#8211; Bao b\u00ec nh\u1ef1a ph\u00e2n h\u1ee7y sinh h\u1ecdc Gimex II M\u00e3 s\u1ed1 VN-ECO-2025-011<\/strong><\/h2>\n\t\t\n<style>\n#text-2143241193 {\n  line-height: 2.6;\n  text-align: center;\n}\n<\/style>\n\t<\/div>\n\t\n<div class=\"row\"  id=\"row-1950764109\">\n\n\t<div id=\"col-139625090\" class=\"col medium-2 small-12 large-2\"  >\n\t\t\t\t<div class=\"col-inner\"  >\n\t\t\t\n\t\t\t\n\t\t<\/div>\n\t\t\t\t\t<\/div>\n\n\t\n\n\t<div id=\"col-1571271936\" class=\"col medium-8 small-12 large-8\"  >\n\t\t\t\t<div class=\"col-inner\"  >\n\t\t\t\n\t\t\t\n\t<div class=\"img has-hover x md-x lg-x y md-y lg-y\" id=\"image_1750475712\">\n\t\t\t\t\t\t\t\t<div class=\"img-inner dark\" >\n\t\t\t<img width=\"566\" height=\"800\" src=\"https:\/\/gimex2.com.vn\/wp-content\/uploads\/2025\/10\/Quyet-dinh-4053-Q\u2500E-BNNMT-chung-nhan-NST-Viet-Nam-_Bao-bi-PHSH-Gimex-II-1-h\u251c\u00bcnh-s\u2551unh-0-566x800.jpg\" class=\"attachment-large size-large\" alt=\"\" decoding=\"async\" loading=\"lazy\" srcset=\"https:\/\/gimex2.com.vn\/wp-content\/uploads\/2025\/10\/Quyet-dinh-4053-Q\u2500E-BNNMT-chung-nhan-NST-Viet-Nam-_Bao-bi-PHSH-Gimex-II-1-h\u251c\u00bcnh-s\u2551unh-0-566x800.jpg 566w, https:\/\/gimex2.com.vn\/wp-content\/uploads\/2025\/10\/Quyet-dinh-4053-Q\u2500E-BNNMT-chung-nhan-NST-Viet-Nam-_Bao-bi-PHSH-Gimex-II-1-h\u251c\u00bcnh-s\u2551unh-0-283x400.jpg 283w, https:\/\/gimex2.com.vn\/wp-content\/uploads\/2025\/10\/Quyet-dinh-4053-Q\u2500E-BNNMT-chung-nhan-NST-Viet-Nam-_Bao-bi-PHSH-Gimex-II-1-h\u251c\u00bcnh-s\u2551unh-0-768x1086.jpg 768w, https:\/\/gimex2.com.vn\/wp-content\/uploads\/2025\/10\/Quyet-dinh-4053-Q\u2500E-BNNMT-chung-nhan-NST-Viet-Nam-_Bao-bi-PHSH-Gimex-II-1-h\u251c\u00bcnh-s\u2551unh-0-1086x1536.jpg 1086w, https:\/\/gimex2.com.vn\/wp-content\/uploads\/2025\/10\/Quyet-dinh-4053-Q\u2500E-BNNMT-chung-nhan-NST-Viet-Nam-_Bao-bi-PHSH-Gimex-II-1-h\u251c\u00bcnh-s\u2551unh-0-1448x2048.jpg 1448w, https:\/\/gimex2.com.vn\/wp-content\/uploads\/2025\/10\/Quyet-dinh-4053-Q\u2500E-BNNMT-chung-nhan-NST-Viet-Nam-_Bao-bi-PHSH-Gimex-II-1-h\u251c\u00bcnh-s\u2551unh-0-800x1131.jpg 800w, https:\/\/gimex2.com.vn\/wp-content\/uploads\/2025\/10\/Quyet-dinh-4053-Q\u2500E-BNNMT-chung-nhan-NST-Viet-Nam-_Bao-bi-PHSH-Gimex-II-1-h\u251c\u00bcnh-s\u2551unh-0-scaled.jpg 1811w\" sizes=\"(max-width: 566px) 100vw, 566px\" \/>\t\t\t\t\t\t\n\t\t\t\t\t<\/div>\n\t\t\t\t\t\t\t\t\n<style>\n#image_1750475712 {\n  width: 100%;\n}\n<\/style>\n\t<\/div>\n\t\n\t\t<\/div>\n\t\t\t\t\t<\/div>\n\n\t\n\n\t<div id=\"col-1952655713\" class=\"col medium-2 small-12 large-2\"  >\n\t\t\t\t<div class=\"col-inner\"  >\n\t\t\t\n\t\t\t\n\t\t<\/div>\n\t\t\t\t\t<\/div>\n\n\t\n<\/div>\n\t\t<\/div>\n\t\t\t\t\t<\/div>\n\n\t\n<\/div>\n<h2 style=\"text-align: center;\"><span style=\"font-size: 90%;\"><strong>Ch\u1ee9ng nh\u1eadn OK COMPOST HOME \u0111\u01b0\u1ee3c c\u1ea5p b\u1edfi T\u00dcV AUSTRIA<\/strong><\/span><\/h2>\n<div class=\"row\"  id=\"row-116767119\">\n\n\t<div id=\"col-1213983295\" class=\"col medium-2 small-12 large-2\"  >\n\t\t\t\t<div class=\"col-inner\"  >\n\t\t\t\n\t\t\t\n\t\t<\/div>\n\t\t\t\t\t<\/div>\n\n\t\n\n\t<div id=\"col-537645020\" class=\"col medium-8 small-12 large-8\"  >\n\t\t\t\t<div class=\"col-inner\"  >\n\t\t\t\n\t\t\t\n<div class=\"is-divider divider clearfix\" ><\/div>\n\t<div class=\"img has-hover x md-x lg-x y md-y lg-y\" id=\"image_883533464\">\n\t\t\t\t\t\t\t\t<div class=\"img-inner dark\" >\n\t\t\t<img width=\"566\" height=\"800\" src=\"https:\/\/gimex2.com.vn\/wp-content\/uploads\/2025\/09\/Chung-nhan-TUV-cua-cong-ty-Gimex-II-566x800.jpg\" class=\"attachment-large size-large\" alt=\"Gimex II \u0111\u1ea1t \u0111\u01b0\u1ee3c ch\u1ee9ng nh\u1eadn OK COMPOST HOME \u0111\u01b0\u1ee3c c\u1ea5p b\u1edfi T\u00dcV AUSTRIA\" decoding=\"async\" loading=\"lazy\" srcset=\"https:\/\/gimex2.com.vn\/wp-content\/uploads\/2025\/09\/Chung-nhan-TUV-cua-cong-ty-Gimex-II-566x800.jpg 566w, https:\/\/gimex2.com.vn\/wp-content\/uploads\/2025\/09\/Chung-nhan-TUV-cua-cong-ty-Gimex-II-283x400.jpg 283w, https:\/\/gimex2.com.vn\/wp-content\/uploads\/2025\/09\/Chung-nhan-TUV-cua-cong-ty-Gimex-II-768x1086.jpg 768w, https:\/\/gimex2.com.vn\/wp-content\/uploads\/2025\/09\/Chung-nhan-TUV-cua-cong-ty-Gimex-II-1086x1536.jpg 1086w, https:\/\/gimex2.com.vn\/wp-content\/uploads\/2025\/09\/Chung-nhan-TUV-cua-cong-ty-Gimex-II-1448x2048.jpg 1448w, https:\/\/gimex2.com.vn\/wp-content\/uploads\/2025\/09\/Chung-nhan-TUV-cua-cong-ty-Gimex-II-800x1131.jpg 800w, https:\/\/gimex2.com.vn\/wp-content\/uploads\/2025\/09\/Chung-nhan-TUV-cua-cong-ty-Gimex-II-scaled.jpg 1810w\" sizes=\"(max-width: 566px) 100vw, 566px\" \/>\t\t\t\t\t\t\n\t\t\t\t\t<\/div>\n\t\t\t\t\t\t\t\t\n<style>\n#image_883533464 {\n  width: 100%;\n}\n<\/style>\n\t<\/div>\n\t\n<div class=\"is-divider divider clearfix\" ><\/div>\n<div class=\"video video-fit mb\" style=\"padding-top:56.25%;\"><p><iframe loading=\"lazy\" title=\"Nh\u00e3n Sinh Th\u00e1i - Bao B\u00ec Nh\u1ef1a Ph\u00e2n Hu\u1ef7 Sinh H\u1ecdc Gimex II\" width=\"1020\" height=\"574\" src=\"https:\/\/www.youtube.com\/embed\/a9m7T3s_SUk?feature=oembed\" frameborder=\"0\" allow=\"accelerometer; autoplay; clipboard-write; encrypted-media; gyroscope; picture-in-picture; web-share\" referrerpolicy=\"strict-origin-when-cross-origin\" allowfullscreen><\/iframe><\/p>\n<\/div>\n<h2 style=\"text-align: center;\"><span style=\"font-size: 85%;\"><strong>H\u01b0\u1edbng d\u1eabn b\u1ea3o qu\u1ea3n T\u00fai nh\u1ef1a ph\u00e2n h\u1ee7y sinh h\u1ecdc Gimex II<\/strong><\/span><\/h2>\n\t<div class=\"img has-hover x md-x lg-x y md-y lg-y\" id=\"image_590704068\">\n\t\t\t\t\t\t\t\t<div class=\"img-inner dark\" >\n\t\t\t<img width=\"1000\" height=\"800\" src=\"https:\/\/gimex2.com.vn\/wp-content\/uploads\/2025\/12\/huong-dan-bao-quan-bao-bi-phan-huy-sinh-hoc-1000x800.jpg\" class=\"attachment-large size-large\" alt=\"H\u01b0\u1edbng d\u1eabn b\u1ea3o qu\u1ea3n bao b\u00ec ph\u00e2n h\u1ee7y sinh h\u1ecdc Gimex II\" decoding=\"async\" loading=\"lazy\" srcset=\"https:\/\/gimex2.com.vn\/wp-content\/uploads\/2025\/12\/huong-dan-bao-quan-bao-bi-phan-huy-sinh-hoc-1000x800.jpg 1000w, https:\/\/gimex2.com.vn\/wp-content\/uploads\/2025\/12\/huong-dan-bao-quan-bao-bi-phan-huy-sinh-hoc-500x400.jpg 500w, https:\/\/gimex2.com.vn\/wp-content\/uploads\/2025\/12\/huong-dan-bao-quan-bao-bi-phan-huy-sinh-hoc-768x614.jpg 768w, https:\/\/gimex2.com.vn\/wp-content\/uploads\/2025\/12\/huong-dan-bao-quan-bao-bi-phan-huy-sinh-hoc-1536x1229.jpg 1536w, https:\/\/gimex2.com.vn\/wp-content\/uploads\/2025\/12\/huong-dan-bao-quan-bao-bi-phan-huy-sinh-hoc-2048x1638.jpg 2048w, https:\/\/gimex2.com.vn\/wp-content\/uploads\/2025\/12\/huong-dan-bao-quan-bao-bi-phan-huy-sinh-hoc-800x640.jpg 800w\" sizes=\"(max-width: 1000px) 100vw, 1000px\" \/>\t\t\t\t\t\t\n\t\t\t\t\t<\/div>\n\t\t\t\t\t\t\t\t\n<style>\n#image_590704068 {\n  width: 100%;\n}\n<\/style>\n\t<\/div>\n\t\n<div class=\"row\"  id=\"row-594486980\">\n\n\t<div id=\"col-2062661411\" class=\"col small-12 large-12\"  >\n\t\t\t\t<div class=\"col-inner\"  >\n\t\t\t\n\t\t\t\n\t\t<\/div>\n\t\t\t\t\t<\/div>\n\n\t\n<\/div>\n\t\t<\/div>\n\t\t\t\t\t<\/div>\n\n\t\n\n\t<div id=\"col-1401808872\" class=\"col medium-2 small-12 large-2\"  >\n\t\t\t\t<div class=\"col-inner\"  >\n\t\t\t\n\t\t\t\n\t\t<\/div>\n\t\t\t\t\t<\/div>\n\n\t\n<\/div>\n\t\t<\/div>\n\n\t\t\n<style>\n#section_70626271 {\n  padding-top: 30px;\n  padding-bottom: 30px;\n}\n#section_70626271 .ux-shape-divider--top svg {\n  height: 150px;\n  --divider-top-width: 100%;\n}\n#section_70626271 .ux-shape-divider--bottom svg {\n  height: 150px;\n  --divider-width: 100%;\n}\n<\/style>\n\t<\/section>","protected":false},"excerpt":{"rendered":"","protected":false},"author":1,"featured_media":0,"parent":0,"menu_order":0,"comment_status":"closed","ping_status":"closed","template":"","meta":{"inline_featured_image":false},"_links":{"self":[{"href":"https:\/\/gimex2.com.vn\/en\/wp-json\/wp\/v2\/pages\/2239"}],"collection":[{"href":"https:\/\/gimex2.com.vn\/en\/wp-json\/wp\/v2\/pages"}],"about":[{"href":"https:\/\/gimex2.com.vn\/en\/wp-json\/wp\/v2\/types\/page"}],"author":[{"embeddable":true,"href":"https:\/\/gimex2.com.vn\/en\/wp-json\/wp\/v2\/users\/1"}],"replies":[{"embeddable":true,"href":"https:\/\/gimex2.com.vn\/en\/wp-json\/wp\/v2\/comments?post=2239"}],"version-history":[{"count":12,"href":"https:\/\/gimex2.com.vn\/en\/wp-json\/wp\/v2\/pages\/2239\/revisions"}],"predecessor-version":[{"id":3517,"href":"https:\/\/gimex2.com.vn\/en\/wp-json\/wp\/v2\/pages\/2239\/revisions\/3517"}],"wp:attachment":[{"href":"https:\/\/gimex2.com.vn\/en\/wp-json\/wp\/v2\/media?parent=2239"}],"curies":[{"name":"wp","href":"https:\/\/api.w.org\/{rel}","templated":true}]}}