{"id":1705,"date":"2023-04-14T16:35:34","date_gmt":"2023-04-14T09:35:34","guid":{"rendered":"https:\/\/gimex2.com.vn\/?page_id=1705"},"modified":"2023-10-04T15:43:11","modified_gmt":"2023-10-04T08:43:11","slug":"in-lua-va-in-truc-ong-dong","status":"publish","type":"page","link":"https:\/\/gimex2.com.vn\/en\/in-lua-va-in-truc-ong-dong\/","title":{"rendered":"In L\u1ee5a V\u00e0 In Tr\u1ee5c \u1ed0ng \u0110\u1ed3ng"},"content":{"rendered":"\n  <div class=\"banner has-hover\" id=\"banner-1485443975\">\n          <div class=\"banner-inner fill\">\n        <div class=\"banner-bg fill\" >\n            <div class=\"bg fill bg-fill \"><\/div>\n                        <div class=\"overlay\"><\/div>            \n                    <\/div>\n\t\t\n        <div class=\"banner-layers container\">\n            <div class=\"fill banner-link\"><\/div>            \n   <div id=\"text-box-1200243506\" class=\"text-box banner-layer x50 md-x50 lg-x50 y50 md-y50 lg-y50 res-text\">\n                                <div class=\"text-box-content text dark\">\n              \n              <div class=\"text-inner text-center\">\n                  \n<h3><b>IN TR\u1ee4C &amp; IN L\u1ee4A <\/b><\/h3>\n<h3><b>N\u00caN CH\u1eccN SAO CHO PH\u00d9 H\u1ee2P?<\/b><\/h3>\n              <\/div>\n           <\/div>\n                            \n<style>\n#text-box-1200243506 {\n  width: 60%;\n}\n#text-box-1200243506 .text-box-content {\n  font-size: 100%;\n}\n<\/style>\n    <\/div>\n \n        <\/div>\n      <\/div>\n\n            \n<style>\n#banner-1485443975 {\n  padding-top: 200px;\n}\n#banner-1485443975 .bg.bg-loaded {\n  background-image: url(https:\/\/gimex2.com.vn\/wp-content\/uploads\/2023\/04\/Screen-Shot-2022-12-15-at-3.38.07-PM.png);\n}\n#banner-1485443975 .overlay {\n  background-color: rgba(0,0,0,.5);\n}\n#banner-1485443975 .bg {\n  background-position: 0% 76%;\n}\n#banner-1485443975 .ux-shape-divider--top svg {\n  height: 150px;\n  --divider-top-width: 100%;\n}\n#banner-1485443975 .ux-shape-divider--bottom svg {\n  height: 150px;\n  --divider-width: 100%;\n}\n<\/style>\n  <\/div>\n\n\n<div class=\"row\"  id=\"row-344380478\">\n\n\t<div id=\"col-705848919\" class=\"col medium-9 small-12 large-9\"  >\n\t\t\t\t<div class=\"col-inner\"  >\n\t\t\t\n\t\t\t\n\t<div id=\"text-518740368\" class=\"text\">\n\t\t\n<p><span style=\"font-size: 105%;\">Hi\u1ec7n nay trong l\u0129nh v\u1ef1c s\u1ea3n xu\u1ea5t in \u1ea5n bao b\u00ec c\u00f3 2 k\u1ef9 thu\u1eadt in ph\u1ed5 bi\u1ebfn \u0111\u01b0\u1ee3c s\u1eed d\u1ee5ng r\u1ed9ng r\u00e3i l\u00e0: IN TR\u1ee4C v\u00e0 IN L\u1ee4A. T\u01b0\u01a1ng \u1ee9ng v\u1edbi m\u1ed7i k\u1ef9 thu\u1eadt in s\u1ebd c\u00f3 nh\u1eefng \u01b0u nh\u01b0\u1ee3c \u0111i\u1ec3m ri\u00eang, d\u1ef1a v\u00e0o nh\u1eefng \u0111i\u1ec3m n\u00e0y m\u00e0 doanh nghi\u1ec7p s\u1ebd c\u00e2n nh\u1eafc l\u1ef1a ch\u1ecdn k\u1ef9 thu\u1eadt in cho ph\u00f9 h\u1ee3p.<\/span><\/p>\n<p><span style=\"font-size: 105%;\">\u0110\u1ed1i v\u1edbi nh\u1eefng kh\u00e1ch h\u00e0ng l\u1ea7n \u0111\u1ea7u mu\u1ed1n s\u1ea3n xu\u1ea5t bao b\u00ec cho th\u01b0\u01a1ng hi\u1ec7u c\u1ee7a m\u00ecnh th\u00ec kh\u00f4ng tr\u00e1nh kh\u1ecfi nh\u1eefng b\u0103n kho\u0103n, kh\u00f4ng bi\u1ebft n\u00ean ch\u1ecdn ph\u01b0\u01a1ng ph\u00e1p in \u1ea5n n\u00e0o \u0111\u1ec3 \u0111\u00e1p \u1ee9ng \u0111\u01b0\u1ee3c nhu c\u1ea7u m\u00e0 l\u1ea1i ph\u00f9 h\u1ee3p v\u1edbi chi ph\u00ed c\u1ee7a m\u00ecnh. H\u00e3y c\u00f9ng GIMEX II t\u00ecm hi\u1ec3u v\u00e0 so s\u00e1nh 2 ph\u01b0\u01a1ng ph\u00e1p in n\u00e0y \u0111\u1ec3 c\u00f3 th\u1ec3 \u0111\u01b0a ra l\u1ef1a ch\u1ecdn ph\u00f9 h\u1ee3p nh\u00e9!<\/span><\/p>\n<h3>\u00a0<\/h3>\n<h3><strong><span style=\"color: #000000; font-size: 105%;\">1. Ph\u01b0\u01a1ng ph\u00e1p in tr\u1ee5c<\/span><\/strong><\/h3>\n<p><span style=\"font-size: 105%;\">In tr\u1ee5c (c\u00f2n g\u1ecdi l\u00e0 in \u1ed1ng \u0111\u1ed3ng) l\u00e0 m\u1ed9t ph\u01b0\u01a1ng ph\u00e1p in \u1ea5n hi\u1ec7n \u0111\u1ea1i \u0111\u01b0\u1ee3c in b\u1eb1ng m\u00e1y in c\u00f4ng nghi\u1ec7p l\u1edbn. C\u00e1c n\u1ed9i dung mu\u1ed1n in (VD: ch\u1eef, h\u00ecnh \u1ea3nh..) s\u1ebd \u0111\u01b0\u1ee3c kh\u1eafc l\u00f5m v\u00e0o b\u1ec1 m\u1eb7t \u1ed1ng \u0111\u1ed3ng. \u1ed0ng \u0111\u1ed3ng s\u1ebd quay li\u00ean t\u1ee5c \u0111\u1ec3 th\u1ea5m qua m\u1ef1c r\u1ed3i in l\u00ean l\u00ean bao b\u00ec.<\/span><\/p>\n<p><span style=\"font-size: 105%;\"><strong><span style=\"color: #000000;\">\u01afu \u0111i\u1ec3m:<\/span><\/strong><\/span><\/p>\n<ul>\n<li><span style=\"font-size: 105%; color: #000000;\">Ch\u1ea5t l\u01b0\u1ee3ng h\u00ecnh \u1ea3nh, m\u00e0u s\u1eafc in \u0111\u1ec1u, \u0111\u1eb9p, s\u1eafc n\u00e9t.<\/span><\/li>\n<li><span style=\"font-size: 105%;\"><span style=\"color: #000000;\">\u0110\u1ed9 ch\u00ednh x\u00e1c cao, ch\u1ea5t l\u01b0\u1ee3ng \u0111\u1ed3ng nh\u1ea5t, kh\u00f4ng ph\u1ee5 thu\u1ed9c v\u00e0o tay ngh\u1ec1 th\u1ee3 in.<\/span><\/span><\/li>\n<li><span style=\"font-size: 105%;\">K\u00edch th\u01b0\u1edbc, \u0111\u1ed9 d\u00e0y m\u1ecfng c\u1ee7a t\u00fai \u0111\u01b0\u1ee3c tu\u1ef3 ch\u1ec9nh theo y\u00eau c\u1ea7u c\u1ee7a kh\u00e1ch h\u00e0ng.<\/span><\/li>\n<li><span style=\"font-size: 105%;\">T\u1ed1c \u0111\u1ed9 in nhanh \u0111\u1ea1t h\u01a1n 100m\/ph\u00fat n\u00ean \u0111\u00e1p \u1ee9ng \u0111\u01b0\u1ee3c nhanh cho c\u00e1c \u0111\u01a1n h\u00e0ng l\u1edbn.<\/span><\/li>\n<li><span style=\"font-size: 105%;\">Khi s\u1ea3n xu\u1ea5t v\u1edbi s\u1ed1 l\u01b0\u1ee3ng l\u1edbn th\u00ec gi\u00e1 th\u00e0nh s\u1ebd t\u1ed1t h\u01a1n, n\u1ebfu chia nh\u1ecf ra th\u00ec ch\u1ec9 t\u1eeb v\u00e0i tr\u0103m \u0111\u1ed3ng cho 1 chi\u1ebfc t\u00fai.<\/span><\/li>\n<\/ul>\n<p><span style=\"font-size: 105%;\"><strong><span style=\"color: #000000;\">Nh\u01b0\u1ee3c \u0111i\u1ec3m:<\/span><\/strong><\/span><\/p>\n<ul>\n<li><span style=\"font-size: 105%; color: #000000;\">\u0110\u01a1n h\u00e0ng in ph\u1ea3i c\u00f3 s\u1ed1 l\u01b0\u1ee3ng l\u1edbn, t\u1ed1i thi\u1ec3u t\u1eeb 200kg\/size t\u00fai.<\/span><\/li>\n<li><span style=\"font-size: 105%; color: #000000;\">T\u00fai \u0111\u01b0\u1ee3c thi\u1ebft k\u1ebf in theo quy c\u00e1ch ri\u00eang n\u00ean c\u1ea7n ph\u1ea3i t\u1ed1n chi ph\u00ed \u0111\u1ec3 s\u1ea3n xu\u1ea5t tr\u1ee5c in \u1ed1ng \u0111\u1ed3ng cho l\u00f4 h\u00e0ng \u0111\u1ea7u ti\u00ean.<\/span><\/li>\n<li><span style=\"font-size: 105%;\">N\u1ebfu thay \u0111\u1ed5i thi\u1ebft k\u1ebf c\u1ee7a t\u00fai th\u00ec ph\u1ea3i s\u1ea3n xu\u1ea5t l\u1ea1i tr\u1ee5c in m\u1edbi.<\/span><\/li>\n<li><span style=\"font-size: 105%;\">Ph\u01b0\u01a1ng ph\u00e1p n\u00e0y ch\u1ec9 ph\u00f9 h\u1ee3p khi s\u1ea3n ph\u1ea9m \u0111\u00e3 \u1ed5n \u0111\u1ecbnh, c\u1ea7n kh\u1ed1i l\u01b0\u1ee3ng bao b\u00ec l\u1edbn.<\/span><\/li>\n<\/ul>\n<h3>\u00a0<\/h3>\n<h3><strong><span style=\"color: #000000; font-size: 105%;\">2. Ph\u01b0\u01a1ng ph\u00e1p in l\u1ee5a<\/span><\/strong><\/h3>\n<p><span style=\"font-size: 105%; color: #000000;\">In l\u1ee5a (c\u00f2n g\u1ecdi l\u00e0 in l\u01b0\u1edbi) l\u00e0 m\u1ed9t ph\u01b0\u01a1ng ph\u00e1p in th\u1ee7 c\u00f4ng b\u1eb1ng tay. M\u1ef1c \u0111\u01b0\u1ee3c cho v\u00e0o l\u00f2ng khung in, sau \u0111\u00f3 g\u1ea1t qua b\u1eb1ng l\u01b0\u1ee1i dao cao su, d\u01b0\u1edbi \u00e1p l\u1ef1c c\u1ee7a gao g\u1ea1t, m\u1ed9t ph\u1ea7n m\u1ef1c in \u0111\u01b0\u1ee3c th\u1ea5m qua l\u01b0\u1edbi in v\u00e0 in l\u00ean v\u1eadt li\u1ec7u \u0111\u00e3 chu\u1ea9n b\u1ecb tr\u01b0\u1edbc t\u1ea1o th\u00e0nh ch\u1eef ho\u1eb7c h\u00ecnh \u1ea3nh.<\/span><\/p>\n<p><span style=\"font-size: 105%;\"><strong><span style=\"color: #000000;\">\u01afu \u0111i\u1ec3m:<\/span><\/strong><\/span><\/p>\n<ul>\n<li><span style=\"font-size: 105%; color: #000000;\">\u0110\u01a1n h\u00e0ng in s\u1ed1 l\u01b0\u1ee3ng \u00edt (ch\u1ec9 t\u1eeb 20kg\/size t\u00fai).<\/span><\/li>\n<li><span style=\"font-size: 105%; color: #000000;\">Kh\u00f4ng ph\u1ea3i t\u1ed1n chi ph\u00ed s\u1ea3n xu\u1ea5t tr\u1ee5c in.<\/span><\/li>\n<li><span style=\"font-size: 105%; color: #000000;\">D\u1ec5 d\u00e0ng thay \u0111\u1ed5i th\u00f4ng tin in \u1ea5n (ch\u1ec9 c\u1ea7n thay \u0111\u1ed5i film in, kh\u00f4ng c\u1ea7n s\u1ea3n xu\u1ea5t l\u1ea1i tr\u1ee5c in m\u1edbi).<\/span><\/li>\n<li><span style=\"font-size: 105%;\">Ph\u00f9 h\u1ee3p v\u1edbi nh\u1eefng s\u1ea3n ph\u1ea9m m\u1edbi \u0111ang \u1edf giai \u0111o\u1ea1n th\u1eed nghi\u1ec7m.<\/span><\/li>\n<\/ul>\n<p><span style=\"font-size: 105%;\"><strong><span style=\"color: #000000;\">Nh\u01b0\u1ee3c \u0111i\u1ec3m:<\/span><\/strong><\/span><\/p>\n<ul>\n<li><span style=\"font-size: 105%;\">Ch\u1ec9 \u00e1p d\u1ee5ng in v\u1edbi size t\u00fai c\u00f3 s\u1eb5n c\u00f9ng \u0111\u1ed9 d\u00e0y t\u00fai c\u00f3 s\u1eb5n.<\/span><\/li>\n<li><span style=\"font-size: 105%;\">N\u1ebfu t\u00ednh trung b\u00ecnh cho m\u1ed7i chi\u1ebfc t\u00fai th\u00ec gi\u00e1 s\u1ebd cao h\u01a1n so v\u1edbi in tr\u1ee5c.<\/span><\/li>\n<li><span style=\"font-size: 105%;\">Ch\u1ea5t l\u01b0\u1ee3ng in l\u1ee5a ph\u1ee5 thu\u1ed9c r\u1ea5t l\u1edbn v\u00e0o tay ngh\u1ec1 in c\u1ee7a th\u1ee3. Ngh\u0129a l\u00e0 n\u1ebfu th\u1ee3 c\u00f3 tay ngh\u1ec1 gi\u1ecfi, gi\u00e0u kinh nghi\u1ec7m th\u00ec t\u00fai in ra s\u1ebd \u0111\u1ea3m b\u1ea3o \u0111\u01b0\u1ee3c m\u00e0u s\u1eafc \u0111\u1eb9p, kh\u00f4ng b\u1ecb nho\u00e8, kh\u00f4ng b\u1ecb lo\u00e3ng\u2026<\/span><\/li>\n<li><span style=\"font-size: 105%;\">V\u00ec l\u00e0 k\u1ef9 thu\u1eadt in \u0111\u01b0\u1ee3c &#8220;ch\u1ea1y b\u1eb1ng c\u01a1m&#8221; n\u00ean t\u1ed1c \u0111\u1ed9 in s\u1ebd ch\u1eadm; ch\u1ea5t l\u01b0\u1ee3ng h\u00ecnh \u1ea3nh, m\u00e0u s\u1eafc in ra c\u0169ng \u0111\u1eb9p nh\u01b0ng so v\u1edbi in tr\u1ee5c \u1ed1ng \u0111\u1ed3ng th\u00ec ch\u1ec9 \u0111\u1ea1t 8\/10 th\u00f4i.<\/span><\/li>\n<\/ul>\n<h3>\u00a0<\/h3>\n<h3><strong><span style=\"font-size: 105%; color: #000000;\">N\u00ean ch\u1ecdn ph\u01b0\u01a1ng ph\u00e1p in l\u1ee5a hay in tr\u1ee5c?<\/span><\/strong><\/h3>\n<p><span style=\"font-size: 105%;\">Nh\u01b0 v\u1eady, m\u1ed7i k\u1ef9 thu\u1eadt in s\u1ebd c\u00f3 nh\u1eefng \u01b0u nh\u01b0\u1ee3c \u0111i\u1ec3m kh\u00e1c nhau. V\u1edbi doanh nghi\u1ec7p c\u00f3 nhu c\u1ea7u in s\u1ed1 l\u01b0\u1ee3ng l\u1edbn th\u00ec n\u00ean ch\u1ecdn ph\u01b0\u01a1ng ph\u00e1p in tr\u1ee5c \u1ed1ng \u0111\u1ed3ng \u0111\u1ec3 \u0111\u1ea3m b\u1ea3o t\u00fai in ra c\u00f3 ch\u1ea5t l\u01b0\u1ee3ng cao. N\u1ebfu doanh nghi\u1ec7p ch\u1ec9 c\u1ea7n m\u1ed9t s\u1ed1 l\u01b0\u1ee3ng bao b\u00ec \u00edt th\u00ec n\u00ean ch\u1ecdn ph\u01b0\u01a1ng ph\u00e1p in l\u1ee5a. Tuy nhi\u00ean \u0111\u1ec3 \u0111\u1ea3m b\u1ea3o th\u00e0nh ph\u1ea9m t\u00fai in ra \u0111\u1eb9p, qu\u00fd kh\u00e1ch c\u1ea7n ph\u1ea3i l\u1ef1a ch\u1ecdn nh\u1eefng \u0111\u01a1n v\u1ecb in uy t\u00edn c\u00f3 nhi\u1ec1u kinh nghi\u1ec7m \u0111\u1ec3 nh\u1eadn \u0111\u01b0\u1ee3c s\u1ea3n ph\u1ea9m v\u1edbi ch\u1ea5t l\u01b0\u1ee3ng t\u1ed1t nh\u1ea5t.<\/span><\/p>\n\t\t\n<style>\n#text-518740368 {\n  line-height: 1.2;\n}\n<\/style>\n\t<\/div>\n\t\n\t\t<\/div>\n\t\t\t\t\t<\/div>\n\n\t\n\n\t<div id=\"col-1327346196\" class=\"col medium-3 small-12 large-3\"  >\n\t\t\t\t<div class=\"col-inner\"  >\n\t\t\t\n\t\t\t\n<ul class=\"sidebar-wrapper ul-reset\"><aside id=\"search-5\" class=\"widget widget_search\"><form method=\"get\" class=\"searchform\" action=\"https:\/\/gimex2.com.vn\/en\/\" role=\"search\">\n\t\t<div class=\"flex-row relative\">\n\t\t\t<div class=\"flex-col flex-grow\">\n\t   \t   <input type=\"search\" class=\"search-field mb-0\" name=\"s\" value=\"\" id=\"s\" placeholder=\"Search&hellip;\" \/>\n\t\t\t<\/div>\n\t\t\t<div class=\"flex-col\">\n\t\t\t\t<button type=\"submit\" class=\"ux-search-submit submit-button secondary button icon mb-0\" aria-label=\"Submit\">\n\t\t\t\t\t<i class=\"icon-search\" ><\/i>\t\t\t\t<\/button>\n\t\t\t<\/div>\n\t\t<\/div>\n    <div class=\"live-search-results text-left z-top\"><\/div>\n<\/form>\n<\/aside><aside id=\"nav_menu-3\" class=\"widget widget_nav_menu\"><span class=\"widget-title \"><span>DANH M\u1ee4C TIN T\u1ee8C<\/span><\/span><div class=\"is-divider small\"><\/div><div class=\"menu-danh-muc-tin-tuc-container\"><ul id=\"menu-danh-muc-tin-tuc\" class=\"menu\"><li id=\"menu-item-730\" class=\"menu-item menu-item-type-taxonomy menu-item-object-category menu-item-730\"><a href=\"https:\/\/gimex2.com.vn\/en\/category\/thong-tin-san-pham\/\">Th\u00f4ng tin s\u1ea3n ph\u1ea9m<\/a><\/li>\n<li id=\"menu-item-731\" class=\"menu-item menu-item-type-taxonomy menu-item-object-category menu-item-731\"><a href=\"https:\/\/gimex2.com.vn\/en\/category\/tin-tuc-suc-kien\/\">Tin t\u1ee9c s\u1ef1c ki\u1ec7n<\/a><\/li>\n<li id=\"menu-item-729\" class=\"menu-item menu-item-type-taxonomy menu-item-object-category menu-item-729\"><a href=\"https:\/\/gimex2.com.vn\/en\/category\/hoat-dong-xa-hoi\/\">Ho\u1ea1t \u0111\u1ed9ng x\u00e3 h\u1ed9i<\/a><\/li>\n<li id=\"menu-item-732\" class=\"menu-item menu-item-type-taxonomy menu-item-object-category menu-item-732\"><a href=\"https:\/\/gimex2.com.vn\/en\/category\/thong-tin-moi-truong\/\">Environmental information<\/a><\/li>\n<\/ul><\/div><\/aside><aside id=\"nav_menu-14\" class=\"widget widget_nav_menu\"><span class=\"widget-title \"><span>(Ti\u1ebfng Vi\u1ec7t) H\u01af\u1edaNG D\u1eaaN KH\u00c1CH H\u00c0NG<\/span><\/span><div class=\"is-divider small\"><\/div><div class=\"menu-huong-dan-khach-hang-container\"><ul id=\"menu-huong-dan-khach-hang\" class=\"menu\"><li id=\"menu-item-1704\" class=\"menu-item menu-item-type-post_type menu-item-object-page menu-item-1704\"><a href=\"https:\/\/gimex2.com.vn\/en\/quy-trinh-dat-hang\/\">Quy Tr\u00ecnh \u0110\u1eb7t H\u00e0ng<\/a><\/li>\n<li id=\"menu-item-2026\" class=\"menu-item menu-item-type-post_type menu-item-object-page menu-item-2026\"><a href=\"https:\/\/gimex2.com.vn\/en\/chinh-sach-giao-nhan-hang\/\">Ch\u00ednh S\u00e1ch Giao Nh\u1eadn H\u00e0ng<\/a><\/li>\n<li id=\"menu-item-1710\" class=\"menu-item menu-item-type-post_type menu-item-object-page menu-item-1710\"><a href=\"https:\/\/gimex2.com.vn\/en\/in-lua-va-in-truc-ong-dong\/\">In L\u1ee5a V\u00e0 In Tr\u1ee5c \u1ed0ng \u0110\u1ed3ng<\/a><\/li>\n<li id=\"menu-item-1711\" class=\"menu-item menu-item-type-post_type menu-item-object-page menu-item-1711\"><a href=\"https:\/\/gimex2.com.vn\/en\/chinh-sach-truc-in\/\">Ch\u00ednh S\u00e1ch Tr\u1ee5c In<\/a><\/li>\n<\/ul><\/div><\/aside><\/ul>\n\t\t<\/div>\n\t\t\t\t\t<\/div>\n\n\t\n<\/div>\n","protected":false},"excerpt":{"rendered":"","protected":false},"author":1,"featured_media":0,"parent":0,"menu_order":0,"comment_status":"closed","ping_status":"closed","template":"page-blank.php","meta":{"inline_featured_image":false},"_links":{"self":[{"href":"https:\/\/gimex2.com.vn\/en\/wp-json\/wp\/v2\/pages\/1705"}],"collection":[{"href":"https:\/\/gimex2.com.vn\/en\/wp-json\/wp\/v2\/pages"}],"about":[{"href":"https:\/\/gimex2.com.vn\/en\/wp-json\/wp\/v2\/types\/page"}],"author":[{"embeddable":true,"href":"https:\/\/gimex2.com.vn\/en\/wp-json\/wp\/v2\/users\/1"}],"replies":[{"embeddable":true,"href":"https:\/\/gimex2.com.vn\/en\/wp-json\/wp\/v2\/comments?post=1705"}],"version-history":[{"count":13,"href":"https:\/\/gimex2.com.vn\/en\/wp-json\/wp\/v2\/pages\/1705\/revisions"}],"predecessor-version":[{"id":2101,"href":"https:\/\/gimex2.com.vn\/en\/wp-json\/wp\/v2\/pages\/1705\/revisions\/2101"}],"wp:attachment":[{"href":"https:\/\/gimex2.com.vn\/en\/wp-json\/wp\/v2\/media?parent=1705"}],"curies":[{"name":"wp","href":"https:\/\/api.w.org\/{rel}","templated":true}]}}