{"id":1628,"date":"2023-04-05T11:09:09","date_gmt":"2023-04-05T04:09:09","guid":{"rendered":"https:\/\/gimex2.com.vn\/?page_id=1628"},"modified":"2023-04-16T17:20:35","modified_gmt":"2023-04-16T10:20:35","slug":"tui-dung-rac-sinh-hoat","status":"publish","type":"page","link":"https:\/\/gimex2.com.vn\/en\/san-pham\/tui-theo-cong-dung\/tui-dung-rac\/tui-dung-rac-sinh-hoat\/","title":{"rendered":"(Ti\u1ebfng Vi\u1ec7t) T\u00fai \u0111\u1ef1ng r\u00e1c sinh ho\u1ea1t"},"content":{"rendered":"\n  <div class=\"banner has-hover\" id=\"banner-582456987\">\n          <div class=\"banner-inner fill\">\n        <div class=\"banner-bg fill\" >\n            <div class=\"bg fill bg-fill \"><\/div>\n                        <div class=\"overlay\"><\/div>            \n                    <\/div>\n\t\t\n        <div class=\"banner-layers container\">\n            <div class=\"fill banner-link\"><\/div>            \n   <div id=\"text-box-490582310\" class=\"text-box banner-layer x50 md-x50 lg-x50 y50 md-y50 lg-y50 res-text\">\n                                <div class=\"text-box-content text dark\">\n              \n              <div class=\"text-inner text-center\">\n                  \n<h3 class=\"uppercase\" style=\"text-align: center;\"><b>T\u00daI R\u00c1C CU\u1ed8N<\/b><\/h3>\n<h3 class=\"uppercase\" style=\"text-align: center;\"><b>T\u00daI R\u00c1C SINH HO\u1ea0T<\/b><\/h3>\n              <\/div>\n           <\/div>\n                            \n<style>\n#text-box-490582310 {\n  width: 60%;\n}\n#text-box-490582310 .text-box-content {\n  font-size: 100%;\n}\n<\/style>\n    <\/div>\n \n        <\/div>\n      <\/div>\n\n            \n<style>\n#banner-582456987 {\n  padding-top: 200px;\n}\n#banner-582456987 .bg.bg-loaded {\n  background-image: url(https:\/\/gimex2.com.vn\/wp-content\/uploads\/2023\/02\/closeup-shot-moss-plants-growing-tree-branch-forest-1-1200x800.jpg);\n}\n#banner-582456987 .overlay {\n  background-color: rgba(0,0,0,.5);\n}\n#banner-582456987 .ux-shape-divider--top svg {\n  height: 150px;\n  --divider-top-width: 100%;\n}\n#banner-582456987 .ux-shape-divider--bottom svg {\n  height: 150px;\n  --divider-width: 100%;\n}\n<\/style>\n  <\/div>\n\n\n<div class=\"row\"  id=\"row-1979574800\">\n\n\t<div id=\"col-212798513\" class=\"col medium-9 small-12 large-9\"  >\n\t\t\t\t<div class=\"col-inner\"  >\n\t\t\t\n\t\t\t\n\t<div id=\"text-1528794602\" class=\"text\">\n\t\t\n<h3><strong>T\u00fai r\u00e1c cu\u1ed9n<\/strong><\/h3>\n<div id=\"text-1776304718\" class=\"text\">\n<p><span style=\"font-size: 105%; color: #000000;\">T\u00fai r\u00e1c cu\u1ed9n l\u00e0 lo\u1ea1i t\u00fai \u0111\u01b0\u1ee3c thi\u1ebft k\u1ebf theo d\u1ea1ng cu\u1ed9n kh\u00f4ng l\u00f5i v\u1edbi r\u00e3nh x\u00e9 r\u0103ng c\u01b0a ti\u1ec7n l\u1ee3i gi\u00fap cho vi\u1ec7c x\u00e9 t\u00fai d\u1ec5 d\u00e0ng m\u00e0 v\u1eabn \u0111\u1ea3m b\u1ea3o cu\u1ed9n t\u00fai lu\u00f4n g\u1ecdn g\u00e0ng.<\/span><\/p>\n<p><span style=\"font-size: 105%; color: #000000;\">Lo\u1ea1i t\u00fai n\u00e0y th\u01b0\u1eddng \u0111\u01b0\u1ee3c d\u00f9ng \u0111\u1ef1ng r\u00e1c sinh ho\u1ea1t trong gia \u0111\u00ecnh, v\u0103n ph\u00f2ng, c\u1eeda h\u00e0ng,&#8230;<\/span><\/p>\n<\/div>\n\t\t\n<style>\n#text-1528794602 {\n  line-height: 1.2;\n}\n<\/style>\n\t<\/div>\n\t\n\t<div id=\"gap-2144349944\" class=\"gap-element clearfix\" style=\"display:block; height:auto;\">\n\t\t\n<style>\n#gap-2144349944 {\n  padding-top: 15px;\n}\n<\/style>\n\t<\/div>\n\t\n\t<div class=\"img has-hover x md-x lg-x y md-y lg-y\" id=\"image_1662263784\">\n\t\t\t\t\t\t\t\t<div class=\"img-inner dark\" >\n\t\t\t<img width=\"800\" height=\"800\" src=\"https:\/\/gimex2.com.vn\/wp-content\/uploads\/2023\/04\/BTS-Tui-Rac-Cuon-800x800.jpg\" class=\"attachment-large size-large\" alt=\"\" decoding=\"async\" loading=\"lazy\" srcset=\"https:\/\/gimex2.com.vn\/wp-content\/uploads\/2023\/04\/BTS-Tui-Rac-Cuon-800x800.jpg 800w, https:\/\/gimex2.com.vn\/wp-content\/uploads\/2023\/04\/BTS-Tui-Rac-Cuon-400x400.jpg 400w, https:\/\/gimex2.com.vn\/wp-content\/uploads\/2023\/04\/BTS-Tui-Rac-Cuon-280x280.jpg 280w, https:\/\/gimex2.com.vn\/wp-content\/uploads\/2023\/04\/BTS-Tui-Rac-Cuon-768x768.jpg 768w, https:\/\/gimex2.com.vn\/wp-content\/uploads\/2023\/04\/BTS-Tui-Rac-Cuon-1536x1536.jpg 1536w, https:\/\/gimex2.com.vn\/wp-content\/uploads\/2023\/04\/BTS-Tui-Rac-Cuon-450x450.jpg 450w, https:\/\/gimex2.com.vn\/wp-content\/uploads\/2023\/04\/BTS-Tui-Rac-Cuon-100x100.jpg 100w, https:\/\/gimex2.com.vn\/wp-content\/uploads\/2023\/04\/BTS-Tui-Rac-Cuon.jpg 1876w\" sizes=\"(max-width: 800px) 100vw, 800px\" \/>\t\t\t\t\t\t\n\t\t\t\t\t<\/div>\n\t\t\t\t\t\t\t\t\n<style>\n#image_1662263784 {\n  width: 100%;\n}\n<\/style>\n\t<\/div>\n\t\n\t<div id=\"text-317381504\" class=\"text\">\n\t\t\n<p><span style=\"font-size: 105%; color: #000000;\">Khi nhu c\u1ea7u sinh ho\u1ea1t c\u1ee7a con ng\u01b0\u1eddi ng\u00e0y c\u00e0ng cao th\u00ec l\u01b0\u1ee3ng r\u00e1c th\u1ea3i ra m\u00f4i tr\u01b0\u1eddng c\u0169ng c\u00e0ng l\u1edbn. Vi\u1ec7c s\u1eed d\u1ee5ng t\u00fai r\u00e1c ni l\u00f4ng th\u00f4ng th\u01b0\u1eddng s\u1ebd g\u00e2y \u00f4 nhi\u1ec5m m\u00f4i tr\u01b0\u1eddng tr\u1ea7m tr\u1ecdng, \u1ea3nh h\u01b0\u1edfng kh\u00f4ng nh\u1ecf \u0111\u1ebfn kh\u00f4ng gian s\u1ed1ng v\u00e0 s\u1ee9c kho\u1ebb c\u1ee7a con ng\u01b0\u1eddi.<\/span><\/p>\n<p><span style=\"font-size: 105%; color: #000000;\">T\u00fai R\u00e1c Cu\u1ed9n T\u1ef1 Hu\u1ef7 Sinh H\u1ecdc Gimex II l\u00e0 s\u1ea3n ph\u1ea9m ch\u1ea5t l\u01b0\u1ee3ng cao do C\u00f4ng Ty TNHH S\u1ea3n Xu\u1ea5t Th\u01b0\u01a1ng M\u1ea1i T\u1ed5ng H\u1ee3p II s\u1ea3n xu\u1ea5t. S\u1ea3n ph\u1ea9m ho\u00e0n to\u00e0n th\u00e2n thi\u1ec7n v\u1edbi m\u00f4i tr\u01b0\u1eddng v\u00e0 ng\u01b0\u1eddi d\u00f9ng, th\u1eddi gian ph\u00e2n hu\u1ef7 trong m\u00f4i tr\u01b0\u1eddng t\u1ef1 nhi\u00ean t\u1eeb kho\u1ea3ng 12 \u0111\u1ebfn 24 th\u00e1ng, \u0111\u1ea1t gi\u1ea5y ch\u1ee9ng nh\u1eadn &#8220;Th\u00e2n thi\u1ec7n m\u00f4i tr\u01b0\u1eddng&#8221; do T\u1ed5ng c\u1ee5c M\u00f4i tr\u01b0\u1eddng c\u1ea5p. V\u1edbi c\u00e1c \u01b0u \u0111i\u1ec3m:<\/span><\/p>\n<ul style=\"list-style-type: disc;\">\n<li><span style=\"font-size: 105%; color: #000000;\">T\u1ea3i tr\u1ecdng t\u1ed1t, kh\u00f4ng r\u00f2 r\u1ec9.<\/span><\/li>\n<li><span style=\"font-size: 105%; color: #000000;\">\u0110\u1ed9 d\u1ebbo dai t\u1ed1t, gi\u1ea3i quy\u1ebft hi\u1ec7u qu\u1ea3 c\u00e1c v\u1ea5n \u0111\u1ec1 th\u1ee7ng\/r\u00e1ch.<\/span><\/li>\n<li><span style=\"font-size: 105%; color: #000000;\">T\u00fai r\u00e1c kh\u00f4ng c\u00f3 m\u00f9i h\u00f4i.<\/span><\/li>\n<li><span style=\"font-size: 105%; color: #000000;\">An to\u00e0n v\u00e0 th\u00e2n thi\u1ec7n v\u1edbi m\u00f4i tr\u01b0\u1eddng.<\/span><\/li>\n<\/ul>\n\t\t\n<style>\n#text-317381504 {\n  line-height: 1.2;\n}\n<\/style>\n\t<\/div>\n\t\n\t<div id=\"gap-1052744227\" class=\"gap-element clearfix\" style=\"display:block; height:auto;\">\n\t\t\n<style>\n#gap-1052744227 {\n  padding-top: 15px;\n}\n<\/style>\n\t<\/div>\n\t\n\t<div class=\"img has-hover x md-x lg-x y md-y lg-y\" id=\"image_1422435718\">\n\t\t\t\t\t\t\t\t<div class=\"img-inner dark\" >\n\t\t\t<img width=\"1020\" height=\"765\" src=\"https:\/\/gimex2.com.vn\/wp-content\/uploads\/2023\/04\/SP-web-Tui-Rac-Cuon-1067x800.jpg\" class=\"attachment-large size-large\" alt=\"\" decoding=\"async\" loading=\"lazy\" srcset=\"https:\/\/gimex2.com.vn\/wp-content\/uploads\/2023\/04\/SP-web-Tui-Rac-Cuon-1067x800.jpg 1067w, https:\/\/gimex2.com.vn\/wp-content\/uploads\/2023\/04\/SP-web-Tui-Rac-Cuon-533x400.jpg 533w, https:\/\/gimex2.com.vn\/wp-content\/uploads\/2023\/04\/SP-web-Tui-Rac-Cuon-768x576.jpg 768w, https:\/\/gimex2.com.vn\/wp-content\/uploads\/2023\/04\/SP-web-Tui-Rac-Cuon-800x600.jpg 800w, https:\/\/gimex2.com.vn\/wp-content\/uploads\/2023\/04\/SP-web-Tui-Rac-Cuon.jpg 1200w\" sizes=\"(max-width: 1020px) 100vw, 1020px\" \/>\t\t\t\t\t\t\n\t\t\t\t\t<\/div>\n\t\t\t\t\t\t\t\t\n<style>\n#image_1422435718 {\n  width: 100%;\n}\n<\/style>\n\t<\/div>\n\t\n\t<div id=\"text-1733515779\" class=\"text\">\n\t\t\n<p><span style=\"font-size: 105%; color: #000000;\">T\u00fai r\u00e1c cu\u1ed9n \u0111\u01b0\u1ee3c \u0111\u00f3ng g\u00f3i theo m\u00e0u \u0111en ho\u1eb7c 3 m\u00e0u (xanh d\u01b0\u01a1ng, \u0111\u1ecf v\u00e0ng).<\/span><\/p>\n\t\t\n<style>\n#text-1733515779 {\n  line-height: 1.2;\n}\n<\/style>\n\t<\/div>\n\t\n\t\t<\/div>\n\t\t\t\t\t<\/div>\n\n\t\n\n\t<div id=\"col-1498820102\" class=\"col medium-3 small-12 large-3\"  >\n\t\t\t\t<div class=\"col-inner\"  >\n\t\t\t\n\t\t\t\n<ul class=\"sidebar-wrapper ul-reset\"><aside id=\"nav_menu-11\" class=\"widget widget_nav_menu\"><span class=\"widget-title shop-sidebar\">T\u00daI THEO LO\u1ea0I<\/span><div class=\"is-divider small\"><\/div><div class=\"menu-tui-theo-loai-container\"><ul id=\"menu-tui-theo-loai\" class=\"menu\"><li id=\"menu-item-1207\" class=\"menu-item menu-item-type-post_type menu-item-object-page menu-item-1207\"><a href=\"https:\/\/gimex2.com.vn\/en\/san-pham\/tui-theo-loai\/tui-quai-xach-sinh-hoc\/\">T\u00fai quai x\u00e1ch<\/a><\/li>\n<li id=\"menu-item-1208\" class=\"menu-item menu-item-type-post_type menu-item-object-page menu-item-1208\"><a href=\"https:\/\/gimex2.com.vn\/en\/san-pham\/tui-theo-loai\/tui-hot-xoai-sinh-hoc\/\">T\u00fai h\u1ed9t xo\u00e0i<\/a><\/li>\n<li id=\"menu-item-1209\" class=\"menu-item menu-item-type-post_type menu-item-object-page menu-item-1209\"><a href=\"https:\/\/gimex2.com.vn\/en\/san-pham\/tui-theo-loai\/tui-cuon-phan-huy-sinh-hoc\/\">T\u00fai cu\u1ed9n<\/a><\/li>\n<li id=\"menu-item-1210\" class=\"menu-item menu-item-type-post_type menu-item-object-page menu-item-1210\"><a href=\"https:\/\/gimex2.com.vn\/en\/san-pham\/tui-theo-loai\/tui-chu-t-phan-huy-sinh-hoc\/\">T\u00fai ch\u1eef T<\/a><\/li>\n<li id=\"menu-item-1211\" class=\"menu-item menu-item-type-post_type menu-item-object-page menu-item-1211\"><a href=\"https:\/\/gimex2.com.vn\/en\/san-pham\/tui-theo-loai\/tui-quai-luon-song-sinh-hoc\/\">T\u00fai quai l\u01b0\u1ee3n s\u00f3ng<\/a><\/li>\n<li id=\"menu-item-1212\" class=\"menu-item menu-item-type-post_type menu-item-object-page menu-item-1212\"><a href=\"https:\/\/gimex2.com.vn\/en\/san-pham\/tui-theo-loai\/tui-rut-day-sinh-hoc\/\">T\u00fai r\u00fat d\u00e2y<\/a><\/li>\n<li id=\"menu-item-1213\" class=\"menu-item menu-item-type-post_type menu-item-object-page menu-item-1213\"><a href=\"https:\/\/gimex2.com.vn\/en\/san-pham\/tui-theo-loai\/tui-ep-quai-sinh-hoc-gimex-ii\/\">T\u00fai \u00e9p quai<\/a><\/li>\n<li id=\"menu-item-1214\" class=\"menu-item menu-item-type-post_type menu-item-object-page menu-item-1214\"><a href=\"https:\/\/gimex2.com.vn\/en\/san-pham\/tui-theo-loai\/tui-niem-phong-sinh-hoc\/\">T\u00fai ni\u00eam phong<\/a><\/li>\n<\/ul><\/div><\/aside><aside id=\"nav_menu-9\" class=\"widget widget_nav_menu\"><span class=\"widget-title shop-sidebar\">T\u00daI THEO CH\u1ea4T LI\u1ec6U<\/span><div class=\"is-divider small\"><\/div><div class=\"menu-tui-theo-chat-lieu-container\"><ul id=\"menu-tui-theo-chat-lieu\" class=\"menu\"><li id=\"menu-item-1155\" class=\"menu-item menu-item-type-post_type menu-item-object-page menu-item-1155\"><a href=\"https:\/\/gimex2.com.vn\/en\/san-pham\/tui-theo-chat-lieu\/tui-tu-huy-sinh-hoc\/\">T\u00fai t\u1ef1 hu\u1ef7 sinh h\u1ecdc<\/a><\/li>\n<li id=\"menu-item-1156\" class=\"menu-item menu-item-type-post_type menu-item-object-page menu-item-1156\"><a href=\"https:\/\/gimex2.com.vn\/en\/san-pham\/tui-theo-chat-lieu\/tui-tinh-bot\/\">T\u00fai tinh b\u1ed9t<\/a><\/li>\n<\/ul><\/div><\/aside><aside id=\"nav_menu-10\" class=\"widget widget_nav_menu\"><span class=\"widget-title shop-sidebar\">T\u00daI THEO C\u00d4NG D\u1ee4NG<\/span><div class=\"is-divider small\"><\/div><div class=\"menu-tui-theo-cong-dung-container\"><ul id=\"menu-tui-theo-cong-dung\" class=\"menu\"><li id=\"menu-item-1179\" class=\"menu-item menu-item-type-post_type menu-item-object-page menu-item-1179\"><a href=\"https:\/\/gimex2.com.vn\/en\/tui-sieu-thi-2\/\">T\u00fai si\u00eau th\u1ecb<\/a><\/li>\n<li id=\"menu-item-1180\" class=\"menu-item menu-item-type-post_type menu-item-object-page menu-item-1180\"><a href=\"https:\/\/gimex2.com.vn\/en\/tui-dung-quan-ao\/\">T\u00fai \u0111\u1ef1ng qu\u1ea7n \u00e1o<\/a><\/li>\n<li id=\"menu-item-1181\" class=\"menu-item menu-item-type-post_type menu-item-object-page menu-item-1181\"><a href=\"https:\/\/gimex2.com.vn\/en\/tui-cuon-thuc-pham\/\">T\u00fai cu\u1ed9n th\u1ef1c ph\u1ea9m<\/a><\/li>\n<li id=\"menu-item-1182\" class=\"menu-item menu-item-type-post_type menu-item-object-page menu-item-1182\"><a href=\"https:\/\/gimex2.com.vn\/en\/san-pham\/tui-theo-cong-dung\/tui-dung-ly\/\">T\u00fai \u0111\u1ef1ng ly<\/a><\/li>\n<li id=\"menu-item-1183\" class=\"menu-item menu-item-type-post_type menu-item-object-page menu-item-1183\"><a href=\"https:\/\/gimex2.com.vn\/en\/san-pham\/tui-theo-cong-dung\/tui-dung-rac\/\">T\u00fai \u0111\u1ef1ng r\u00e1c<\/a><\/li>\n<li id=\"menu-item-1184\" class=\"menu-item menu-item-type-post_type menu-item-object-page menu-item-1184\"><a href=\"https:\/\/gimex2.com.vn\/en\/tui-dung-duoc-pham\/\">T\u00fai \u0111\u1ef1ng d\u01b0\u1ee3c ph\u1ea9m<\/a><\/li>\n<li id=\"menu-item-1185\" class=\"menu-item menu-item-type-post_type menu-item-object-page menu-item-1185\"><a href=\"https:\/\/gimex2.com.vn\/en\/tui-fb\/\">T\u00fai F&#038;B<\/a><\/li>\n<\/ul><\/div><\/aside><aside id=\"nav_menu-13\" class=\"widget widget_nav_menu\"><span class=\"widget-title shop-sidebar\">C\u00c1C S\u1ea2N PH\u1ea8M KH\u00c1C<\/span><div class=\"is-divider small\"><\/div><div class=\"menu-cac-san-pham-khac-container\"><ul id=\"menu-cac-san-pham-khac\" class=\"menu\"><li id=\"menu-item-1361\" class=\"menu-item menu-item-type-post_type menu-item-object-page menu-item-1361\"><a href=\"https:\/\/gimex2.com.vn\/en\/cac-loai-tui-khac\/gang-tay\/\">G\u0103ng tay<\/a><\/li>\n<\/ul><\/div><\/aside><\/ul>\n\t\t<\/div>\n\t\t\t\t\t<\/div>\n\n\t\n<\/div>\n","protected":false},"excerpt":{"rendered":"","protected":false},"author":1,"featured_media":0,"parent":1167,"menu_order":0,"comment_status":"closed","ping_status":"closed","template":"page-blank.php","meta":{"inline_featured_image":false},"_links":{"self":[{"href":"https:\/\/gimex2.com.vn\/en\/wp-json\/wp\/v2\/pages\/1628"}],"collection":[{"href":"https:\/\/gimex2.com.vn\/en\/wp-json\/wp\/v2\/pages"}],"about":[{"href":"https:\/\/gimex2.com.vn\/en\/wp-json\/wp\/v2\/types\/page"}],"author":[{"embeddable":true,"href":"https:\/\/gimex2.com.vn\/en\/wp-json\/wp\/v2\/users\/1"}],"replies":[{"embeddable":true,"href":"https:\/\/gimex2.com.vn\/en\/wp-json\/wp\/v2\/comments?post=1628"}],"version-history":[{"count":15,"href":"https:\/\/gimex2.com.vn\/en\/wp-json\/wp\/v2\/pages\/1628\/revisions"}],"predecessor-version":[{"id":1748,"href":"https:\/\/gimex2.com.vn\/en\/wp-json\/wp\/v2\/pages\/1628\/revisions\/1748"}],"up":[{"embeddable":true,"href":"https:\/\/gimex2.com.vn\/en\/wp-json\/wp\/v2\/pages\/1167"}],"wp:attachment":[{"href":"https:\/\/gimex2.com.vn\/en\/wp-json\/wp\/v2\/media?parent=1628"}],"curies":[{"name":"wp","href":"https:\/\/api.w.org\/{rel}","templated":true}]}}