{"id":1170,"date":"2023-02-13T14:03:04","date_gmt":"2023-02-13T07:03:04","guid":{"rendered":"https:\/\/gimex2.com.vn\/?page_id=1170"},"modified":"2023-04-11T09:38:13","modified_gmt":"2023-04-11T02:38:13","slug":"cac-loai-tui-khac","status":"publish","type":"page","link":"https:\/\/gimex2.com.vn\/en\/cac-loai-tui-khac\/","title":{"rendered":"OTHERS"},"content":{"rendered":"\n  <div class=\"banner has-hover\" id=\"banner-1159434980\">\n          <div class=\"banner-inner fill\">\n        <div class=\"banner-bg fill\" >\n            <div class=\"bg fill bg-fill \"><\/div>\n                        <div class=\"overlay\"><\/div>            \n                    <\/div>\n\t\t\n        <div class=\"banner-layers container\">\n            <div class=\"fill banner-link\"><\/div>            \n   <div id=\"text-box-151863472\" class=\"text-box banner-layer x50 md-x50 lg-x50 y50 md-y50 lg-y50 res-text\">\n                                <div class=\"text-box-content text dark\">\n              \n              <div class=\"text-inner text-center\">\n                  \n<h3 class=\"uppercase\"><b>C\u00c1C S\u1ea2N PH\u1ea8M KH\u00c1C<\/b><\/h3>\n              <\/div>\n           <\/div>\n                            \n<style>\n#text-box-151863472 {\n  width: 60%;\n}\n#text-box-151863472 .text-box-content {\n  font-size: 100%;\n}\n<\/style>\n    <\/div>\n \n        <\/div>\n      <\/div>\n\n            \n<style>\n#banner-1159434980 {\n  padding-top: 200px;\n}\n#banner-1159434980 .bg.bg-loaded {\n  background-image: url(https:\/\/gimex2.com.vn\/wp-content\/uploads\/2023\/02\/closeup-shot-moss-plants-growing-tree-branch-forest-1-1200x800.jpg);\n}\n#banner-1159434980 .overlay {\n  background-color: rgba(0,0,0,.5);\n}\n#banner-1159434980 .ux-shape-divider--top svg {\n  height: 150px;\n  --divider-top-width: 100%;\n}\n#banner-1159434980 .ux-shape-divider--bottom svg {\n  height: 150px;\n  --divider-width: 100%;\n}\n<\/style>\n  <\/div>\n\n\n<div class=\"row\"  id=\"row-1893423358\">\n\n\t<div id=\"col-1681172362\" class=\"col medium-9 small-12 large-9\"  >\n\t\t\t\t<div class=\"col-inner\"  >\n\t\t\t\n\t\t\t\n<div class=\"row\"  id=\"row-1001673023\">\n\n\t<div id=\"col-2000003788\" class=\"col medium-4 small-12 large-4\"  >\n\t\t\t\t<div class=\"col-inner\"  >\n\t\t\t\n\t\t\t\n\t<div class=\"box has-hover   has-hover box-shadow-1 box-shadow-2-hover box-text-bottom\" >\n\n\t\t<div class=\"box-image\" >\n\t\t\t\t\t\t<div class=\"\" >\n\t\t\t\t<img width=\"900\" height=\"900\" src=\"https:\/\/gimex2.com.vn\/wp-content\/uploads\/2023\/04\/Hinh-thumnai-web-Gang-Tay.jpg\" class=\"attachment- size-\" alt=\"\" decoding=\"async\" loading=\"lazy\" srcset=\"https:\/\/gimex2.com.vn\/wp-content\/uploads\/2023\/04\/Hinh-thumnai-web-Gang-Tay.jpg 900w, https:\/\/gimex2.com.vn\/wp-content\/uploads\/2023\/04\/Hinh-thumnai-web-Gang-Tay-400x400.jpg 400w, https:\/\/gimex2.com.vn\/wp-content\/uploads\/2023\/04\/Hinh-thumnai-web-Gang-Tay-800x800.jpg 800w, https:\/\/gimex2.com.vn\/wp-content\/uploads\/2023\/04\/Hinh-thumnai-web-Gang-Tay-280x280.jpg 280w, https:\/\/gimex2.com.vn\/wp-content\/uploads\/2023\/04\/Hinh-thumnai-web-Gang-Tay-768x768.jpg 768w, https:\/\/gimex2.com.vn\/wp-content\/uploads\/2023\/04\/Hinh-thumnai-web-Gang-Tay-450x450.jpg 450w, https:\/\/gimex2.com.vn\/wp-content\/uploads\/2023\/04\/Hinh-thumnai-web-Gang-Tay-100x100.jpg 100w\" sizes=\"(max-width: 900px) 100vw, 900px\" \/>\t\t\t\t\t\t\t\t\t\t\t<\/div>\n\t\t\t\t\t<\/div>\n\n\t\t<div class=\"box-text text-center\" style=\"padding:9px 0px 1px 0px;\">\n\t\t\t<div class=\"box-text-inner\">\n\t\t\t\t\n<h3 style=\"text-align: center;\"><strong>G\u0102NG TAY<\/strong><\/h3>\n\t<div id=\"gap-712123203\" class=\"gap-element clearfix\" style=\"display:block; height:auto;\">\n\t\t\n<style>\n#gap-712123203 {\n  padding-top: 3px;\n}\n<\/style>\n\t<\/div>\n\t\n<a class=\"button secondary\"  >\n    <span>XEM CHI TI\u1ebeT<\/span>\n  <\/a>\n\n\t\t\t<\/div>\n\t\t<\/div>\n\t<\/div>\n\t\n\t\t<\/div>\n\t\t\t\t\t<\/div>\n\n\t\n\n\t<div id=\"col-1649812409\" class=\"col medium-4 small-12 large-4\"  >\n\t\t\t\t<div class=\"col-inner\"  >\n\t\t\t\n\t\t\t\n\t<div class=\"box has-hover   has-hover box-shadow-1 box-shadow-2-hover box-text-bottom\" >\n\n\t\t<div class=\"box-image\" >\n\t\t\t\t\t\t<div class=\"\" >\n\t\t\t\t<img width=\"900\" height=\"900\" src=\"https:\/\/gimex2.com.vn\/wp-content\/uploads\/2023\/04\/No-Thumnail.jpg\" class=\"attachment- size-\" alt=\"\" decoding=\"async\" loading=\"lazy\" srcset=\"https:\/\/gimex2.com.vn\/wp-content\/uploads\/2023\/04\/No-Thumnail.jpg 900w, https:\/\/gimex2.com.vn\/wp-content\/uploads\/2023\/04\/No-Thumnail-400x400.jpg 400w, https:\/\/gimex2.com.vn\/wp-content\/uploads\/2023\/04\/No-Thumnail-800x800.jpg 800w, https:\/\/gimex2.com.vn\/wp-content\/uploads\/2023\/04\/No-Thumnail-280x280.jpg 280w, https:\/\/gimex2.com.vn\/wp-content\/uploads\/2023\/04\/No-Thumnail-768x768.jpg 768w, https:\/\/gimex2.com.vn\/wp-content\/uploads\/2023\/04\/No-Thumnail-450x450.jpg 450w, https:\/\/gimex2.com.vn\/wp-content\/uploads\/2023\/04\/No-Thumnail-100x100.jpg 100w\" sizes=\"(max-width: 900px) 100vw, 900px\" \/>\t\t\t\t\t\t\t\t\t\t\t<\/div>\n\t\t\t\t\t<\/div>\n\n\t\t<div class=\"box-text text-center\" style=\"padding:9px 0px 1px 0px;\">\n\t\t\t<div class=\"box-text-inner\">\n\t\t\t\t\n<h3 style=\"text-align: center;\"><strong>CU\u1ed8N B\u0102NG R\u00c0O C\u1ea2NH B\u00c1O<\/strong><\/h3>\n\t<div id=\"gap-438350165\" class=\"gap-element clearfix\" style=\"display:block; height:auto;\">\n\t\t\n<style>\n#gap-438350165 {\n  padding-top: 3px;\n}\n<\/style>\n\t<\/div>\n\t\n<a class=\"button secondary\"  >\n    <span>XEM CHI TI\u1ebeT<\/span>\n  <\/a>\n\n\t\t\t<\/div>\n\t\t<\/div>\n\t<\/div>\n\t\n\t\t<\/div>\n\t\t\t\t\t<\/div>\n\n\t\n\n\t<div id=\"col-608053246\" class=\"col medium-4 small-12 large-4\"  >\n\t\t\t\t<div class=\"col-inner\"  >\n\t\t\t\n\t\t\t\n\t<div class=\"box has-hover   has-hover box-shadow-1 box-shadow-2-hover box-text-bottom\" >\n\n\t\t<div class=\"box-image\" >\n\t\t\t\t\t\t<div class=\"\" >\n\t\t\t\t<img width=\"900\" height=\"900\" src=\"https:\/\/gimex2.com.vn\/wp-content\/uploads\/2023\/04\/No-Thumnail.jpg\" class=\"attachment- size-\" alt=\"\" decoding=\"async\" loading=\"lazy\" srcset=\"https:\/\/gimex2.com.vn\/wp-content\/uploads\/2023\/04\/No-Thumnail.jpg 900w, https:\/\/gimex2.com.vn\/wp-content\/uploads\/2023\/04\/No-Thumnail-400x400.jpg 400w, https:\/\/gimex2.com.vn\/wp-content\/uploads\/2023\/04\/No-Thumnail-800x800.jpg 800w, https:\/\/gimex2.com.vn\/wp-content\/uploads\/2023\/04\/No-Thumnail-280x280.jpg 280w, https:\/\/gimex2.com.vn\/wp-content\/uploads\/2023\/04\/No-Thumnail-768x768.jpg 768w, https:\/\/gimex2.com.vn\/wp-content\/uploads\/2023\/04\/No-Thumnail-450x450.jpg 450w, https:\/\/gimex2.com.vn\/wp-content\/uploads\/2023\/04\/No-Thumnail-100x100.jpg 100w\" sizes=\"(max-width: 900px) 100vw, 900px\" \/>\t\t\t\t\t\t\t\t\t\t\t<\/div>\n\t\t\t\t\t<\/div>\n\n\t\t<div class=\"box-text text-center\" style=\"padding:9px 0px 1px 0px;\">\n\t\t\t<div class=\"box-text-inner\">\n\t\t\t\t\n<h3 style=\"text-align: center;\"><strong>\u1ed0NG H\u00daT G\u1ea0O<\/strong><\/h3>\n\t<div id=\"gap-1742087592\" class=\"gap-element clearfix\" style=\"display:block; height:auto;\">\n\t\t\n<style>\n#gap-1742087592 {\n  padding-top: 3px;\n}\n<\/style>\n\t<\/div>\n\t\n<a class=\"button secondary\"  >\n    <span>XEM CHI TI\u1ebeT<\/span>\n  <\/a>\n\n\t\t\t<\/div>\n\t\t<\/div>\n\t<\/div>\n\t\n\t\t<\/div>\n\t\t\t\t\t<\/div>\n\n\t\n<\/div>\n<div class=\"row\"  id=\"row-27359642\">\n\n\t<div id=\"col-323281818\" class=\"col medium-4 small-12 large-4\"  >\n\t\t\t\t<div class=\"col-inner\"  >\n\t\t\t\n\t\t\t\n\t<div class=\"box has-hover   has-hover box-shadow-1 box-shadow-2-hover box-text-bottom\" >\n\n\t\t<div class=\"box-image\" >\n\t\t\t\t\t\t<div class=\"\" >\n\t\t\t\t<img width=\"900\" height=\"900\" src=\"https:\/\/gimex2.com.vn\/wp-content\/uploads\/2023\/04\/No-Thumnail.jpg\" class=\"attachment- size-\" alt=\"\" decoding=\"async\" loading=\"lazy\" srcset=\"https:\/\/gimex2.com.vn\/wp-content\/uploads\/2023\/04\/No-Thumnail.jpg 900w, https:\/\/gimex2.com.vn\/wp-content\/uploads\/2023\/04\/No-Thumnail-400x400.jpg 400w, https:\/\/gimex2.com.vn\/wp-content\/uploads\/2023\/04\/No-Thumnail-800x800.jpg 800w, https:\/\/gimex2.com.vn\/wp-content\/uploads\/2023\/04\/No-Thumnail-280x280.jpg 280w, https:\/\/gimex2.com.vn\/wp-content\/uploads\/2023\/04\/No-Thumnail-768x768.jpg 768w, https:\/\/gimex2.com.vn\/wp-content\/uploads\/2023\/04\/No-Thumnail-450x450.jpg 450w, https:\/\/gimex2.com.vn\/wp-content\/uploads\/2023\/04\/No-Thumnail-100x100.jpg 100w\" sizes=\"(max-width: 900px) 100vw, 900px\" \/>\t\t\t\t\t\t\t\t\t\t\t<\/div>\n\t\t\t\t\t<\/div>\n\n\t\t<div class=\"box-text text-center\" style=\"padding:9px 0px 1px 0px;\">\n\t\t\t<div class=\"box-text-inner\">\n\t\t\t\t\n<h3 style=\"text-align: center;\"><strong>BAO TR\u00d9M PALLET<\/strong><\/h3>\n\t<div id=\"gap-1264502535\" class=\"gap-element clearfix\" style=\"display:block; height:auto;\">\n\t\t\n<style>\n#gap-1264502535 {\n  padding-top: 3px;\n}\n<\/style>\n\t<\/div>\n\t\n<a class=\"button secondary\"  >\n    <span>XEM CHI TI\u1ebeT<\/span>\n  <\/a>\n\n\t\t\t<\/div>\n\t\t<\/div>\n\t<\/div>\n\t\n\t\t<\/div>\n\t\t\t\t\t<\/div>\n\n\t\n\n\t<div id=\"col-2073034420\" class=\"col medium-4 small-12 large-4\"  >\n\t\t\t\t<div class=\"col-inner\"  >\n\t\t\t\n\t\t\t\n\t\t<\/div>\n\t\t\t\t\t<\/div>\n\n\t\n\n\t<div id=\"col-1961273754\" class=\"col medium-4 small-12 large-4\"  >\n\t\t\t\t<div class=\"col-inner\"  >\n\t\t\t\n\t\t\t\n\t\t<\/div>\n\t\t\t\t\t<\/div>\n\n\t\n<\/div>\n\t\t<\/div>\n\t\t\t\t\t<\/div>\n\n\t\n\n\t<div id=\"col-995214959\" class=\"col medium-3 small-12 large-3\"  >\n\t\t\t\t<div class=\"col-inner\"  >\n\t\t\t\n\t\t\t\n<ul class=\"sidebar-wrapper ul-reset\"><aside id=\"nav_menu-11\" class=\"widget widget_nav_menu\"><span class=\"widget-title shop-sidebar\">T\u00daI THEO LO\u1ea0I<\/span><div class=\"is-divider small\"><\/div><div class=\"menu-tui-theo-loai-container\"><ul id=\"menu-tui-theo-loai\" class=\"menu\"><li id=\"menu-item-1207\" class=\"menu-item menu-item-type-post_type menu-item-object-page menu-item-1207\"><a href=\"https:\/\/gimex2.com.vn\/en\/san-pham\/tui-theo-loai\/tui-quai-xach-sinh-hoc\/\">T\u00fai quai x\u00e1ch<\/a><\/li>\n<li id=\"menu-item-1208\" class=\"menu-item menu-item-type-post_type menu-item-object-page menu-item-1208\"><a href=\"https:\/\/gimex2.com.vn\/en\/san-pham\/tui-theo-loai\/tui-hot-xoai-sinh-hoc\/\">T\u00fai h\u1ed9t xo\u00e0i<\/a><\/li>\n<li id=\"menu-item-1209\" class=\"menu-item menu-item-type-post_type menu-item-object-page menu-item-1209\"><a href=\"https:\/\/gimex2.com.vn\/en\/san-pham\/tui-theo-loai\/tui-cuon-phan-huy-sinh-hoc\/\">T\u00fai cu\u1ed9n<\/a><\/li>\n<li id=\"menu-item-1210\" class=\"menu-item menu-item-type-post_type menu-item-object-page menu-item-1210\"><a href=\"https:\/\/gimex2.com.vn\/en\/san-pham\/tui-theo-loai\/tui-chu-t-phan-huy-sinh-hoc\/\">T\u00fai ch\u1eef T<\/a><\/li>\n<li id=\"menu-item-1211\" class=\"menu-item menu-item-type-post_type menu-item-object-page menu-item-1211\"><a href=\"https:\/\/gimex2.com.vn\/en\/san-pham\/tui-theo-loai\/tui-quai-luon-song-sinh-hoc\/\">T\u00fai quai l\u01b0\u1ee3n s\u00f3ng<\/a><\/li>\n<li id=\"menu-item-1212\" class=\"menu-item menu-item-type-post_type menu-item-object-page menu-item-1212\"><a href=\"https:\/\/gimex2.com.vn\/en\/san-pham\/tui-theo-loai\/tui-rut-day-sinh-hoc\/\">T\u00fai r\u00fat d\u00e2y<\/a><\/li>\n<li id=\"menu-item-1213\" class=\"menu-item menu-item-type-post_type menu-item-object-page menu-item-1213\"><a href=\"https:\/\/gimex2.com.vn\/en\/san-pham\/tui-theo-loai\/tui-ep-quai-sinh-hoc-gimex-ii\/\">T\u00fai \u00e9p quai<\/a><\/li>\n<li id=\"menu-item-1214\" class=\"menu-item menu-item-type-post_type menu-item-object-page menu-item-1214\"><a href=\"https:\/\/gimex2.com.vn\/en\/san-pham\/tui-theo-loai\/tui-niem-phong-sinh-hoc\/\">T\u00fai ni\u00eam phong<\/a><\/li>\n<\/ul><\/div><\/aside><aside id=\"nav_menu-9\" class=\"widget widget_nav_menu\"><span class=\"widget-title shop-sidebar\">T\u00daI THEO CH\u1ea4T LI\u1ec6U<\/span><div class=\"is-divider small\"><\/div><div class=\"menu-tui-theo-chat-lieu-container\"><ul id=\"menu-tui-theo-chat-lieu\" class=\"menu\"><li id=\"menu-item-1155\" class=\"menu-item menu-item-type-post_type menu-item-object-page menu-item-1155\"><a href=\"https:\/\/gimex2.com.vn\/en\/san-pham\/tui-theo-chat-lieu\/tui-tu-huy-sinh-hoc\/\">T\u00fai t\u1ef1 hu\u1ef7 sinh h\u1ecdc<\/a><\/li>\n<li id=\"menu-item-1156\" class=\"menu-item menu-item-type-post_type menu-item-object-page menu-item-1156\"><a href=\"https:\/\/gimex2.com.vn\/en\/san-pham\/tui-theo-chat-lieu\/tui-tinh-bot\/\">T\u00fai tinh b\u1ed9t<\/a><\/li>\n<\/ul><\/div><\/aside><aside id=\"nav_menu-10\" class=\"widget widget_nav_menu\"><span class=\"widget-title shop-sidebar\">T\u00daI THEO C\u00d4NG D\u1ee4NG<\/span><div class=\"is-divider small\"><\/div><div class=\"menu-tui-theo-cong-dung-container\"><ul id=\"menu-tui-theo-cong-dung\" class=\"menu\"><li id=\"menu-item-1179\" class=\"menu-item menu-item-type-post_type menu-item-object-page menu-item-1179\"><a href=\"https:\/\/gimex2.com.vn\/en\/tui-sieu-thi-2\/\">T\u00fai si\u00eau th\u1ecb<\/a><\/li>\n<li id=\"menu-item-1180\" class=\"menu-item menu-item-type-post_type menu-item-object-page menu-item-1180\"><a href=\"https:\/\/gimex2.com.vn\/en\/tui-dung-quan-ao\/\">T\u00fai \u0111\u1ef1ng qu\u1ea7n \u00e1o<\/a><\/li>\n<li id=\"menu-item-1181\" class=\"menu-item menu-item-type-post_type menu-item-object-page menu-item-1181\"><a href=\"https:\/\/gimex2.com.vn\/en\/tui-cuon-thuc-pham\/\">T\u00fai cu\u1ed9n th\u1ef1c ph\u1ea9m<\/a><\/li>\n<li id=\"menu-item-1182\" class=\"menu-item menu-item-type-post_type menu-item-object-page menu-item-1182\"><a href=\"https:\/\/gimex2.com.vn\/en\/san-pham\/tui-theo-cong-dung\/tui-dung-ly\/\">T\u00fai \u0111\u1ef1ng ly<\/a><\/li>\n<li id=\"menu-item-1183\" class=\"menu-item menu-item-type-post_type menu-item-object-page menu-item-1183\"><a href=\"https:\/\/gimex2.com.vn\/en\/san-pham\/tui-theo-cong-dung\/tui-dung-rac\/\">T\u00fai \u0111\u1ef1ng r\u00e1c<\/a><\/li>\n<li id=\"menu-item-1184\" class=\"menu-item menu-item-type-post_type menu-item-object-page menu-item-1184\"><a href=\"https:\/\/gimex2.com.vn\/en\/tui-dung-duoc-pham\/\">T\u00fai \u0111\u1ef1ng d\u01b0\u1ee3c ph\u1ea9m<\/a><\/li>\n<li id=\"menu-item-1185\" class=\"menu-item menu-item-type-post_type menu-item-object-page menu-item-1185\"><a href=\"https:\/\/gimex2.com.vn\/en\/tui-fb\/\">T\u00fai F&#038;B<\/a><\/li>\n<\/ul><\/div><\/aside><aside id=\"nav_menu-13\" class=\"widget widget_nav_menu\"><span class=\"widget-title shop-sidebar\">C\u00c1C S\u1ea2N PH\u1ea8M KH\u00c1C<\/span><div class=\"is-divider small\"><\/div><div class=\"menu-cac-san-pham-khac-container\"><ul id=\"menu-cac-san-pham-khac\" class=\"menu\"><li id=\"menu-item-1361\" class=\"menu-item menu-item-type-post_type menu-item-object-page menu-item-1361\"><a href=\"https:\/\/gimex2.com.vn\/en\/cac-loai-tui-khac\/gang-tay\/\">G\u0103ng tay<\/a><\/li>\n<\/ul><\/div><\/aside><\/ul>\n\t\t<\/div>\n\t\t\t\t\t<\/div>\n\n\t\n<\/div>\n","protected":false},"excerpt":{"rendered":"","protected":false},"author":1,"featured_media":0,"parent":0,"menu_order":0,"comment_status":"closed","ping_status":"closed","template":"page-blank.php","meta":{"inline_featured_image":false},"_links":{"self":[{"href":"https:\/\/gimex2.com.vn\/en\/wp-json\/wp\/v2\/pages\/1170"}],"collection":[{"href":"https:\/\/gimex2.com.vn\/en\/wp-json\/wp\/v2\/pages"}],"about":[{"href":"https:\/\/gimex2.com.vn\/en\/wp-json\/wp\/v2\/types\/page"}],"author":[{"embeddable":true,"href":"https:\/\/gimex2.com.vn\/en\/wp-json\/wp\/v2\/users\/1"}],"replies":[{"embeddable":true,"href":"https:\/\/gimex2.com.vn\/en\/wp-json\/wp\/v2\/comments?post=1170"}],"version-history":[{"count":4,"href":"https:\/\/gimex2.com.vn\/en\/wp-json\/wp\/v2\/pages\/1170\/revisions"}],"predecessor-version":[{"id":1697,"href":"https:\/\/gimex2.com.vn\/en\/wp-json\/wp\/v2\/pages\/1170\/revisions\/1697"}],"wp:attachment":[{"href":"https:\/\/gimex2.com.vn\/en\/wp-json\/wp\/v2\/media?parent=1170"}],"curies":[{"name":"wp","href":"https:\/\/api.w.org\/{rel}","templated":true}]}}