{"id":1166,"date":"2023-02-13T14:03:00","date_gmt":"2023-02-13T07:03:00","guid":{"rendered":"https:\/\/gimex2.com.vn\/?page_id=1166"},"modified":"2023-04-16T17:18:35","modified_gmt":"2023-04-16T10:18:35","slug":"tui-dung-ly","status":"publish","type":"page","link":"https:\/\/gimex2.com.vn\/en\/san-pham\/tui-theo-cong-dung\/tui-dung-ly\/","title":{"rendered":"T\u00fai \u0111\u1ef1ng ly"},"content":{"rendered":"\n  <div class=\"banner has-hover\" id=\"banner-326610918\">\n          <div class=\"banner-inner fill\">\n        <div class=\"banner-bg fill\" >\n            <div class=\"bg fill bg-fill \"><\/div>\n                        <div class=\"overlay\"><\/div>            \n                    <\/div>\n\t\t\n        <div class=\"banner-layers container\">\n            <div class=\"fill banner-link\"><\/div>            \n   <div id=\"text-box-216574756\" class=\"text-box banner-layer x50 md-x50 lg-x50 y50 md-y50 lg-y50 res-text\">\n                                <div class=\"text-box-content text dark\">\n              \n              <div class=\"text-inner text-center\">\n                  \n<h3 class=\"uppercase\"><b>T\u00daI \u0110\u1ef0NG LY<\/b><\/h3>\n              <\/div>\n           <\/div>\n                            \n<style>\n#text-box-216574756 {\n  width: 60%;\n}\n#text-box-216574756 .text-box-content {\n  font-size: 100%;\n}\n<\/style>\n    <\/div>\n \n        <\/div>\n      <\/div>\n\n            \n<style>\n#banner-326610918 {\n  padding-top: 200px;\n}\n#banner-326610918 .bg.bg-loaded {\n  background-image: url(https:\/\/gimex2.com.vn\/wp-content\/uploads\/2023\/02\/closeup-shot-moss-plants-growing-tree-branch-forest-1-1200x800.jpg);\n}\n#banner-326610918 .overlay {\n  background-color: rgba(0,0,0,.5);\n}\n#banner-326610918 .ux-shape-divider--top svg {\n  height: 150px;\n  --divider-top-width: 100%;\n}\n#banner-326610918 .ux-shape-divider--bottom svg {\n  height: 150px;\n  --divider-width: 100%;\n}\n<\/style>\n  <\/div>\n\n\n<div class=\"row\"  id=\"row-572187719\">\n\n\t<div id=\"col-640385958\" class=\"col medium-9 small-12 large-9\"  >\n\t\t\t\t<div class=\"col-inner\"  >\n\t\t\t\n\t\t\t\n\t<div id=\"text-917793091\" class=\"text\">\n\t\t\n<h3><span style=\"color: #000000;\"><strong>T\u00fai \u0111\u1ef1ng ly<\/strong><\/span><\/h3>\n<p><span style=\"color: #000000;\">L\u00e0 lo\u1ea1i t\u00fai \u0111\u01b0\u1ee3c thi\u1ebft k\u1ebf chuy\u00ean cho vi\u1ec7c \u0111\u1ef1ng ly tr\u00e0 s\u1eefa, c\u00e0 ph\u00ea mang \u0111i m\u1ed9t c\u00e1ch ti\u1ec7n l\u1ee3i v\u00e0 \u0111\u1eb9p m\u1eaft. \u0110\u00e2y l\u00e0 m\u1ed9t lo\u1ea1i t\u00fai kh\u00f4ng th\u1ec3 thi\u1ebfu cho c\u00e1c h\u00e0ng qu\u00e1n \u0111\u1ec3 \u0111\u00e1p \u1ee9ng nhu c\u1ea7u mua th\u1ee9c u\u1ed1ng mang \u0111i c\u1ee7a kh\u00e1ch h\u00e0ng.<\/span><\/p>\n<p><span style=\"color: #000000;\">T\u00fai n\u00e0y c\u00f2n c\u00f3 th\u1ec3 \u0111\u01b0\u1ee3c in logo v\u00e0 th\u00f4ng tin c\u1ee7a t\u1eebng th\u01b0\u01a1ng hi\u1ec7u nh\u1eb1m qu\u1ea3ng b\u00e1 thu h\u00fat kh\u00e1ch h\u00e0ng v\u00e0 t\u1ea1o n\u00ean v\u1ebb \u0111\u1eb9p \u0111\u1ed9c \u0111\u00e1o ri\u00eang c\u1ee7a th\u01b0\u01a1ng hi\u1ec7u.<\/span><\/p>\n<p><span style=\"color: #000000;\">V\u00ec t\u00ednh ph\u1ed5 bi\u1ebfn c\u1ee7a t\u00fai \u0111\u1ef1ng ly n\u00ean GIMEX II \u0111\u00e3 s\u1ea3n xu\u1ea5t \u0111a d\u1ea1ng nhi\u1ec1u lo\u1ea1i, nhi\u1ec1u m\u00e0u s\u1eafc, k\u00edch th\u01b0\u1edbc v\u00e0 \u0111\u1ed9 d\u00e0y&#8230;. Tu\u1ef3 theo m\u00f4 h\u00ecnh kinh doanh, kh\u00e1ch h\u00e0ng c\u00f3 th\u1ec3 ch\u1ecdn l\u1ef1a tu\u1ef3 \u00fd \u0111\u1ec3 c\u00f3 \u0111\u01b0\u1ee3c s\u1ea3n ph\u1ea9m \u0111\u00e1p \u1ee9ng \u0111\u00fang nhu c\u1ea7u s\u1eed d\u1ee5ng c\u00f9ng v\u1edbi m\u1ee9c gi\u00e1 ph\u00f9 h\u1ee3p cho b\u1ea3n th\u00e2n m\u00ecnh.<\/span><\/p>\n\t\t\n<style>\n#text-917793091 {\n  line-height: 1.2;\n}\n<\/style>\n\t<\/div>\n\t\n\t<div id=\"gap-1942227318\" class=\"gap-element clearfix\" style=\"display:block; height:auto;\">\n\t\t\n<style>\n#gap-1942227318 {\n  padding-top: 15px;\n}\n<\/style>\n\t<\/div>\n\t\n\t<div class=\"img has-hover x md-x lg-x y md-y lg-y\" id=\"image_404553766\">\n\t\t\t\t\t\t\t\t<div class=\"img-inner dark\" >\n\t\t\t<img width=\"800\" height=\"800\" src=\"https:\/\/gimex2.com.vn\/wp-content\/uploads\/2023\/04\/BTS-Tui-Dung-Ly-800x800.jpg\" class=\"attachment-large size-large\" alt=\"\" decoding=\"async\" loading=\"lazy\" srcset=\"https:\/\/gimex2.com.vn\/wp-content\/uploads\/2023\/04\/BTS-Tui-Dung-Ly-800x800.jpg 800w, https:\/\/gimex2.com.vn\/wp-content\/uploads\/2023\/04\/BTS-Tui-Dung-Ly-400x400.jpg 400w, https:\/\/gimex2.com.vn\/wp-content\/uploads\/2023\/04\/BTS-Tui-Dung-Ly-280x280.jpg 280w, https:\/\/gimex2.com.vn\/wp-content\/uploads\/2023\/04\/BTS-Tui-Dung-Ly-768x768.jpg 768w, https:\/\/gimex2.com.vn\/wp-content\/uploads\/2023\/04\/BTS-Tui-Dung-Ly-1536x1536.jpg 1536w, https:\/\/gimex2.com.vn\/wp-content\/uploads\/2023\/04\/BTS-Tui-Dung-Ly-450x450.jpg 450w, https:\/\/gimex2.com.vn\/wp-content\/uploads\/2023\/04\/BTS-Tui-Dung-Ly-100x100.jpg 100w, https:\/\/gimex2.com.vn\/wp-content\/uploads\/2023\/04\/BTS-Tui-Dung-Ly.jpg 1876w\" sizes=\"(max-width: 800px) 100vw, 800px\" \/>\t\t\t\t\t\t\n\t\t\t\t\t<\/div>\n\t\t\t\t\t\t\t\t\n<style>\n#image_404553766 {\n  width: 100%;\n}\n<\/style>\n\t<\/div>\n\t\n\t\t<\/div>\n\t\t\t\t\t<\/div>\n\n\t\n\n\t<div id=\"col-675654157\" class=\"col medium-3 small-12 large-3\"  >\n\t\t\t\t<div class=\"col-inner\"  >\n\t\t\t\n\t\t\t\n<ul class=\"sidebar-wrapper ul-reset\"><aside id=\"nav_menu-11\" class=\"widget widget_nav_menu\"><span class=\"widget-title shop-sidebar\">T\u00daI THEO LO\u1ea0I<\/span><div class=\"is-divider small\"><\/div><div class=\"menu-tui-theo-loai-container\"><ul id=\"menu-tui-theo-loai\" class=\"menu\"><li id=\"menu-item-1207\" class=\"menu-item menu-item-type-post_type menu-item-object-page menu-item-1207\"><a href=\"https:\/\/gimex2.com.vn\/en\/san-pham\/tui-theo-loai\/tui-quay-xach-sinh-hoc\/\">T\u00fai quai x\u00e1ch<\/a><\/li>\n<li id=\"menu-item-1208\" class=\"menu-item menu-item-type-post_type menu-item-object-page menu-item-1208\"><a href=\"https:\/\/gimex2.com.vn\/en\/san-pham\/tui-theo-loai\/tui-hot-xoai-sinh-hoc\/\">T\u00fai h\u1ed9t xo\u00e0i<\/a><\/li>\n<li id=\"menu-item-1209\" class=\"menu-item menu-item-type-post_type menu-item-object-page menu-item-1209\"><a href=\"https:\/\/gimex2.com.vn\/en\/san-pham\/tui-theo-loai\/tui-cuon-phan-huy-sinh-hoc\/\">T\u00fai cu\u1ed9n<\/a><\/li>\n<li id=\"menu-item-1210\" class=\"menu-item menu-item-type-post_type menu-item-object-page menu-item-1210\"><a href=\"https:\/\/gimex2.com.vn\/en\/san-pham\/tui-theo-loai\/tui-chu-t-phan-huy-sinh-hoc\/\">T\u00fai ch\u1eef T<\/a><\/li>\n<li id=\"menu-item-1211\" class=\"menu-item menu-item-type-post_type menu-item-object-page menu-item-1211\"><a href=\"https:\/\/gimex2.com.vn\/en\/san-pham\/tui-theo-loai\/tui-quai-luon-song-sinh-hoc\/\">T\u00fai quai l\u01b0\u1ee3n s\u00f3ng<\/a><\/li>\n<li id=\"menu-item-1212\" class=\"menu-item menu-item-type-post_type menu-item-object-page menu-item-1212\"><a href=\"https:\/\/gimex2.com.vn\/en\/san-pham\/tui-theo-loai\/tui-rut-day-sinh-hoc\/\">T\u00fai r\u00fat d\u00e2y<\/a><\/li>\n<li id=\"menu-item-1213\" class=\"menu-item menu-item-type-post_type menu-item-object-page menu-item-1213\"><a href=\"https:\/\/gimex2.com.vn\/en\/san-pham\/tui-theo-loai\/tui-ep-quai-sinh-hoc-gimex-ii\/\">T\u00fai \u00e9p quai<\/a><\/li>\n<li id=\"menu-item-1214\" class=\"menu-item menu-item-type-post_type menu-item-object-page menu-item-1214\"><a href=\"https:\/\/gimex2.com.vn\/en\/san-pham\/tui-theo-loai\/tui-niem-phong-sinh-hoc\/\">T\u00fai ni\u00eam phong<\/a><\/li>\n<\/ul><\/div><\/aside><aside id=\"nav_menu-9\" class=\"widget widget_nav_menu\"><span class=\"widget-title shop-sidebar\">T\u00daI THEO CH\u1ea4T LI\u1ec6U<\/span><div class=\"is-divider small\"><\/div><div class=\"menu-tui-theo-chat-lieu-container\"><ul id=\"menu-tui-theo-chat-lieu\" class=\"menu\"><li id=\"menu-item-1155\" class=\"menu-item menu-item-type-post_type menu-item-object-page menu-item-1155\"><a href=\"https:\/\/gimex2.com.vn\/en\/san-pham\/tui-theo-chat-lieu\/tui-tu-huy-sinh-hoc\/\">T\u00fai t\u1ef1 hu\u1ef7 sinh h\u1ecdc<\/a><\/li>\n<li id=\"menu-item-1156\" class=\"menu-item menu-item-type-post_type menu-item-object-page menu-item-1156\"><a href=\"https:\/\/gimex2.com.vn\/en\/san-pham\/tui-theo-chat-lieu\/tui-tinh-bot\/\">T\u00fai tinh b\u1ed9t<\/a><\/li>\n<\/ul><\/div><\/aside><aside id=\"nav_menu-10\" class=\"widget widget_nav_menu\"><span class=\"widget-title shop-sidebar\">T\u00daI THEO C\u00d4NG D\u1ee4NG<\/span><div class=\"is-divider small\"><\/div><div class=\"menu-tui-theo-cong-dung-container\"><ul id=\"menu-tui-theo-cong-dung\" class=\"menu\"><li id=\"menu-item-1179\" class=\"menu-item menu-item-type-post_type menu-item-object-page menu-item-1179\"><a href=\"https:\/\/gimex2.com.vn\/en\/tui-sieu-thi-2\/\">T\u00fai si\u00eau th\u1ecb<\/a><\/li>\n<li id=\"menu-item-1180\" class=\"menu-item menu-item-type-post_type menu-item-object-page menu-item-1180\"><a href=\"https:\/\/gimex2.com.vn\/en\/tui-dung-quan-ao\/\">T\u00fai \u0111\u1ef1ng qu\u1ea7n \u00e1o<\/a><\/li>\n<li id=\"menu-item-1181\" class=\"menu-item menu-item-type-post_type menu-item-object-page menu-item-1181\"><a href=\"https:\/\/gimex2.com.vn\/en\/tui-cuon-thuc-pham\/\">T\u00fai cu\u1ed9n th\u1ef1c ph\u1ea9m<\/a><\/li>\n<li id=\"menu-item-1182\" class=\"menu-item menu-item-type-post_type menu-item-object-page menu-item-1182\"><a href=\"https:\/\/gimex2.com.vn\/en\/san-pham\/tui-theo-cong-dung\/tui-dung-ly\/\">T\u00fai \u0111\u1ef1ng ly<\/a><\/li>\n<li id=\"menu-item-1183\" class=\"menu-item menu-item-type-post_type menu-item-object-page menu-item-1183\"><a href=\"https:\/\/gimex2.com.vn\/en\/san-pham\/tui-theo-cong-dung\/tui-dung-rac\/\">T\u00fai \u0111\u1ef1ng r\u00e1c<\/a><\/li>\n<li id=\"menu-item-1184\" class=\"menu-item menu-item-type-post_type menu-item-object-page menu-item-1184\"><a href=\"https:\/\/gimex2.com.vn\/en\/tui-dung-duoc-pham\/\">T\u00fai \u0111\u1ef1ng d\u01b0\u1ee3c ph\u1ea9m<\/a><\/li>\n<li id=\"menu-item-1185\" class=\"menu-item menu-item-type-post_type menu-item-object-page menu-item-1185\"><a href=\"https:\/\/gimex2.com.vn\/en\/tui-fb\/\">T\u00fai F&#038;B<\/a><\/li>\n<\/ul><\/div><\/aside><aside id=\"nav_menu-13\" class=\"widget widget_nav_menu\"><span class=\"widget-title shop-sidebar\">C\u00c1C S\u1ea2N PH\u1ea8M KH\u00c1C<\/span><div class=\"is-divider small\"><\/div><div class=\"menu-cac-san-pham-khac-container\"><ul id=\"menu-cac-san-pham-khac\" class=\"menu\"><li id=\"menu-item-1361\" class=\"menu-item menu-item-type-post_type menu-item-object-page menu-item-1361\"><a href=\"https:\/\/gimex2.com.vn\/en\/cac-loai-tui-khac\/gang-tay\/\">G\u0103ng tay<\/a><\/li>\n<\/ul><\/div><\/aside><\/ul>\n\t\t<\/div>\n\t\t\t\t\t<\/div>\n\n\t\n<\/div>\n","protected":false},"excerpt":{"rendered":"","protected":false},"author":1,"featured_media":0,"parent":1010,"menu_order":0,"comment_status":"closed","ping_status":"closed","template":"page-blank.php","meta":{"inline_featured_image":false},"_links":{"self":[{"href":"https:\/\/gimex2.com.vn\/en\/wp-json\/wp\/v2\/pages\/1166"}],"collection":[{"href":"https:\/\/gimex2.com.vn\/en\/wp-json\/wp\/v2\/pages"}],"about":[{"href":"https:\/\/gimex2.com.vn\/en\/wp-json\/wp\/v2\/types\/page"}],"author":[{"embeddable":true,"href":"https:\/\/gimex2.com.vn\/en\/wp-json\/wp\/v2\/users\/1"}],"replies":[{"embeddable":true,"href":"https:\/\/gimex2.com.vn\/en\/wp-json\/wp\/v2\/comments?post=1166"}],"version-history":[{"count":3,"href":"https:\/\/gimex2.com.vn\/en\/wp-json\/wp\/v2\/pages\/1166\/revisions"}],"predecessor-version":[{"id":1747,"href":"https:\/\/gimex2.com.vn\/en\/wp-json\/wp\/v2\/pages\/1166\/revisions\/1747"}],"up":[{"embeddable":true,"href":"https:\/\/gimex2.com.vn\/en\/wp-json\/wp\/v2\/pages\/1010"}],"wp:attachment":[{"href":"https:\/\/gimex2.com.vn\/en\/wp-json\/wp\/v2\/media?parent=1166"}],"curies":[{"name":"wp","href":"https:\/\/api.w.org\/{rel}","templated":true}]}}