{"id":1010,"date":"2023-02-10T07:09:40","date_gmt":"2023-02-10T07:09:40","guid":{"rendered":"https:\/\/gimex2.com.vn\/?page_id=1010"},"modified":"2023-04-01T17:16:57","modified_gmt":"2023-04-01T10:16:57","slug":"tui-theo-cong-dung","status":"publish","type":"page","link":"https:\/\/gimex2.com.vn\/en\/san-pham\/tui-theo-cong-dung\/","title":{"rendered":"T\u00daI THEO C\u00d4NG D\u1ee4NG"},"content":{"rendered":"\n  <div class=\"banner has-hover\" id=\"banner-16906380\">\n          <div class=\"banner-inner fill\">\n        <div class=\"banner-bg fill\" >\n            <div class=\"bg fill bg-fill \"><\/div>\n                        <div class=\"overlay\"><\/div>            \n                    <\/div>\n\t\t\n        <div class=\"banner-layers container\">\n            <div class=\"fill banner-link\"><\/div>            \n   <div id=\"text-box-473198523\" class=\"text-box banner-layer x50 md-x50 lg-x50 y50 md-y50 lg-y50 res-text\">\n                                <div class=\"text-box-content text dark\">\n              \n              <div class=\"text-inner text-center\">\n                  \n<h3 class=\"uppercase\"><b>C\u00c1C LO\u1ea0I T\u00daI<\/b><\/h3>\n<h3 class=\"uppercase\"><b>THEO C\u00d4NG D\u1ee4NG<\/b><\/h3>\n              <\/div>\n           <\/div>\n                            \n<style>\n#text-box-473198523 {\n  width: 60%;\n}\n#text-box-473198523 .text-box-content {\n  font-size: 100%;\n}\n<\/style>\n    <\/div>\n \n        <\/div>\n      <\/div>\n\n            \n<style>\n#banner-16906380 {\n  padding-top: 200px;\n}\n#banner-16906380 .bg.bg-loaded {\n  background-image: url(https:\/\/gimex2.com.vn\/wp-content\/uploads\/2023\/02\/closeup-shot-moss-plants-growing-tree-branch-forest-1-1200x800.jpg);\n}\n#banner-16906380 .overlay {\n  background-color: rgba(0,0,0,.5);\n}\n#banner-16906380 .ux-shape-divider--top svg {\n  height: 150px;\n  --divider-top-width: 100%;\n}\n#banner-16906380 .ux-shape-divider--bottom svg {\n  height: 150px;\n  --divider-width: 100%;\n}\n<\/style>\n  <\/div>\n\n\n<div class=\"row\"  id=\"row-397049107\">\n\n\t<div id=\"col-1582461360\" class=\"col medium-9 small-12 large-9\"  >\n\t\t\t\t<div class=\"col-inner\"  >\n\t\t\t\n\t\t\t\n<div class=\"row\"  id=\"row-2115259618\">\n\n\t<div id=\"col-885878273\" class=\"col medium-4 small-12 large-4\"  >\n\t\t\t\t<div class=\"col-inner\"  >\n\t\t\t\n\t\t\t\n\t<div class=\"box has-hover   has-hover box-shadow-1 box-shadow-2-hover box-text-bottom\" >\n\n\t\t<div class=\"box-image\" >\n\t\t\t\t\t\t<div class=\"\" >\n\t\t\t\t<img width=\"900\" height=\"900\" src=\"https:\/\/gimex2.com.vn\/wp-content\/uploads\/2023\/04\/Hinh-thumnai-web-Tui-Sieu_Thi.jpg\" class=\"attachment- size-\" alt=\"\" decoding=\"async\" loading=\"lazy\" srcset=\"https:\/\/gimex2.com.vn\/wp-content\/uploads\/2023\/04\/Hinh-thumnai-web-Tui-Sieu_Thi.jpg 900w, https:\/\/gimex2.com.vn\/wp-content\/uploads\/2023\/04\/Hinh-thumnai-web-Tui-Sieu_Thi-400x400.jpg 400w, https:\/\/gimex2.com.vn\/wp-content\/uploads\/2023\/04\/Hinh-thumnai-web-Tui-Sieu_Thi-800x800.jpg 800w, https:\/\/gimex2.com.vn\/wp-content\/uploads\/2023\/04\/Hinh-thumnai-web-Tui-Sieu_Thi-280x280.jpg 280w, https:\/\/gimex2.com.vn\/wp-content\/uploads\/2023\/04\/Hinh-thumnai-web-Tui-Sieu_Thi-768x768.jpg 768w, https:\/\/gimex2.com.vn\/wp-content\/uploads\/2023\/04\/Hinh-thumnai-web-Tui-Sieu_Thi-450x450.jpg 450w, https:\/\/gimex2.com.vn\/wp-content\/uploads\/2023\/04\/Hinh-thumnai-web-Tui-Sieu_Thi-100x100.jpg 100w\" sizes=\"(max-width: 900px) 100vw, 900px\" \/>\t\t\t\t\t\t\t\t\t\t\t<\/div>\n\t\t\t\t\t<\/div>\n\n\t\t<div class=\"box-text text-center\" style=\"padding:9px 0px 1px 0px;\">\n\t\t\t<div class=\"box-text-inner\">\n\t\t\t\t\n<h3 style=\"text-align: center;\"><span style=\"color: #000000;\"><strong>T\u00daI SI\u00caU TH\u1eca<\/strong><\/span><\/h3>\n\t<div id=\"gap-1613132112\" class=\"gap-element clearfix\" style=\"display:block; height:auto;\">\n\t\t\n<style>\n#gap-1613132112 {\n  padding-top: 3px;\n}\n<\/style>\n\t<\/div>\n\t\n<a class=\"button secondary\"  >\n    <span>XEM CHI TI\u1ebeT<\/span>\n  <\/a>\n\n\t\t\t<\/div>\n\t\t<\/div>\n\t<\/div>\n\t\n\t\t<\/div>\n\t\t\t\t\t<\/div>\n\n\t\n\n\t<div id=\"col-317876926\" class=\"col medium-4 small-12 large-4\"  >\n\t\t\t\t<div class=\"col-inner\"  >\n\t\t\t\n\t\t\t\n\t<div class=\"box has-hover   has-hover box-shadow-1 box-shadow-2-hover box-text-bottom\" >\n\n\t\t<div class=\"box-image\" >\n\t\t\t\t\t\t<div class=\"\" >\n\t\t\t\t<img width=\"900\" height=\"900\" src=\"https:\/\/gimex2.com.vn\/wp-content\/uploads\/2023\/04\/Hinh-thumnai-web-Tui-Thoi-Trang.jpg\" class=\"attachment- size-\" alt=\"\" decoding=\"async\" loading=\"lazy\" srcset=\"https:\/\/gimex2.com.vn\/wp-content\/uploads\/2023\/04\/Hinh-thumnai-web-Tui-Thoi-Trang.jpg 900w, https:\/\/gimex2.com.vn\/wp-content\/uploads\/2023\/04\/Hinh-thumnai-web-Tui-Thoi-Trang-400x400.jpg 400w, https:\/\/gimex2.com.vn\/wp-content\/uploads\/2023\/04\/Hinh-thumnai-web-Tui-Thoi-Trang-800x800.jpg 800w, https:\/\/gimex2.com.vn\/wp-content\/uploads\/2023\/04\/Hinh-thumnai-web-Tui-Thoi-Trang-280x280.jpg 280w, https:\/\/gimex2.com.vn\/wp-content\/uploads\/2023\/04\/Hinh-thumnai-web-Tui-Thoi-Trang-768x768.jpg 768w, https:\/\/gimex2.com.vn\/wp-content\/uploads\/2023\/04\/Hinh-thumnai-web-Tui-Thoi-Trang-450x450.jpg 450w, https:\/\/gimex2.com.vn\/wp-content\/uploads\/2023\/04\/Hinh-thumnai-web-Tui-Thoi-Trang-100x100.jpg 100w\" sizes=\"(max-width: 900px) 100vw, 900px\" \/>\t\t\t\t\t\t\t\t\t\t\t<\/div>\n\t\t\t\t\t<\/div>\n\n\t\t<div class=\"box-text text-center\" style=\"padding:9px 0px 1px 0px;\">\n\t\t\t<div class=\"box-text-inner\">\n\t\t\t\t\n<h3 style=\"text-align: center;\"><span style=\"color: #000000;\"><strong>T\u00daI \u0110\u1ef0NG QU\u1ea6N \u00c1O<\/strong><\/span><\/h3>\n\t<div id=\"gap-224472176\" class=\"gap-element clearfix\" style=\"display:block; height:auto;\">\n\t\t\n<style>\n#gap-224472176 {\n  padding-top: 3px;\n}\n<\/style>\n\t<\/div>\n\t\n<a class=\"button secondary\"  >\n    <span>XEM CHI TI\u1ebeT<\/span>\n  <\/a>\n\n\t\t\t<\/div>\n\t\t<\/div>\n\t<\/div>\n\t\n\t\t<\/div>\n\t\t\t\t\t<\/div>\n\n\t\n\n\t<div id=\"col-125003321\" class=\"col medium-4 small-12 large-4\"  >\n\t\t\t\t<div class=\"col-inner\"  >\n\t\t\t\n\t\t\t\n\t<div class=\"box has-hover   has-hover box-shadow-1 box-shadow-2-hover box-text-bottom\" >\n\n\t\t<div class=\"box-image\" >\n\t\t\t\t\t\t<div class=\"\" >\n\t\t\t\t<img width=\"900\" height=\"900\" src=\"https:\/\/gimex2.com.vn\/wp-content\/uploads\/2023\/04\/Hinh-thumnai-web-Tui-Cuon-Thuc-Pham.jpg\" class=\"attachment- size-\" alt=\"\" decoding=\"async\" loading=\"lazy\" srcset=\"https:\/\/gimex2.com.vn\/wp-content\/uploads\/2023\/04\/Hinh-thumnai-web-Tui-Cuon-Thuc-Pham.jpg 900w, https:\/\/gimex2.com.vn\/wp-content\/uploads\/2023\/04\/Hinh-thumnai-web-Tui-Cuon-Thuc-Pham-400x400.jpg 400w, https:\/\/gimex2.com.vn\/wp-content\/uploads\/2023\/04\/Hinh-thumnai-web-Tui-Cuon-Thuc-Pham-800x800.jpg 800w, https:\/\/gimex2.com.vn\/wp-content\/uploads\/2023\/04\/Hinh-thumnai-web-Tui-Cuon-Thuc-Pham-280x280.jpg 280w, https:\/\/gimex2.com.vn\/wp-content\/uploads\/2023\/04\/Hinh-thumnai-web-Tui-Cuon-Thuc-Pham-768x768.jpg 768w, https:\/\/gimex2.com.vn\/wp-content\/uploads\/2023\/04\/Hinh-thumnai-web-Tui-Cuon-Thuc-Pham-450x450.jpg 450w, https:\/\/gimex2.com.vn\/wp-content\/uploads\/2023\/04\/Hinh-thumnai-web-Tui-Cuon-Thuc-Pham-100x100.jpg 100w\" sizes=\"(max-width: 900px) 100vw, 900px\" \/>\t\t\t\t\t\t\t\t\t\t\t<\/div>\n\t\t\t\t\t<\/div>\n\n\t\t<div class=\"box-text text-center\" style=\"padding:9px 0px 1px 0px;\">\n\t\t\t<div class=\"box-text-inner\">\n\t\t\t\t\n<h3 style=\"text-align: center;\"><span style=\"color: #000000;\"><strong>T\u00daI CU\u1ed8N TH\u1ef0C PH\u1ea8M<\/strong><\/span><\/h3>\n\t<div id=\"gap-1034008631\" class=\"gap-element clearfix\" style=\"display:block; height:auto;\">\n\t\t\n<style>\n#gap-1034008631 {\n  padding-top: 3px;\n}\n<\/style>\n\t<\/div>\n\t\n<a class=\"button secondary\"  >\n    <span>XEM CHI TI\u1ebeT<\/span>\n  <\/a>\n\n\t\t\t<\/div>\n\t\t<\/div>\n\t<\/div>\n\t\n\t\t<\/div>\n\t\t\t\t\t<\/div>\n\n\t\n<\/div>\n<div class=\"row\"  id=\"row-2081454865\">\n\n\t<div id=\"col-405217516\" class=\"col medium-4 small-12 large-4\"  >\n\t\t\t\t<div class=\"col-inner\"  >\n\t\t\t\n\t\t\t\n\t<div class=\"box has-hover   has-hover box-shadow-1 box-shadow-2-hover box-text-bottom\" >\n\n\t\t<div class=\"box-image\" >\n\t\t\t<a href=\"https:\/\/gimex2.com.vn\/san-pham\/tui-theo-cong-dung\/tui-dung-ly\/\"  >\t\t\t<div class=\"\" >\n\t\t\t\t<img width=\"900\" height=\"900\" src=\"https:\/\/gimex2.com.vn\/wp-content\/uploads\/2023\/04\/Hinh-thumnai-web-Tui-Dung-Ly.jpg\" class=\"attachment- size-\" alt=\"\" decoding=\"async\" loading=\"lazy\" srcset=\"https:\/\/gimex2.com.vn\/wp-content\/uploads\/2023\/04\/Hinh-thumnai-web-Tui-Dung-Ly.jpg 900w, https:\/\/gimex2.com.vn\/wp-content\/uploads\/2023\/04\/Hinh-thumnai-web-Tui-Dung-Ly-400x400.jpg 400w, https:\/\/gimex2.com.vn\/wp-content\/uploads\/2023\/04\/Hinh-thumnai-web-Tui-Dung-Ly-800x800.jpg 800w, https:\/\/gimex2.com.vn\/wp-content\/uploads\/2023\/04\/Hinh-thumnai-web-Tui-Dung-Ly-280x280.jpg 280w, https:\/\/gimex2.com.vn\/wp-content\/uploads\/2023\/04\/Hinh-thumnai-web-Tui-Dung-Ly-768x768.jpg 768w, https:\/\/gimex2.com.vn\/wp-content\/uploads\/2023\/04\/Hinh-thumnai-web-Tui-Dung-Ly-450x450.jpg 450w, https:\/\/gimex2.com.vn\/wp-content\/uploads\/2023\/04\/Hinh-thumnai-web-Tui-Dung-Ly-100x100.jpg 100w\" sizes=\"(max-width: 900px) 100vw, 900px\" \/>\t\t\t\t\t\t\t\t\t\t\t<\/div>\n\t\t\t<\/a>\t\t<\/div>\n\n\t\t<div class=\"box-text text-center\" style=\"padding:9px 0px 1px 0px;\">\n\t\t\t<div class=\"box-text-inner\">\n\t\t\t\t\n<h3 style=\"text-align: center;\"><span style=\"color: #000000;\"><strong>T\u00daI \u0110\u1ef0NG LY<\/strong><\/span><\/h3>\n\t<div id=\"gap-1015873537\" class=\"gap-element clearfix\" style=\"display:block; height:auto;\">\n\t\t\n<style>\n#gap-1015873537 {\n  padding-top: 3px;\n}\n<\/style>\n\t<\/div>\n\t\n<a href=\"https:\/\/gimex2.com.vn\/san-pham\/tui-theo-cong-dung\/tui-dung-ly\/\" target=\"_self\" class=\"button secondary\"  >\n    <span>XEM CHI TI\u1ebeT<\/span>\n  <\/a>\n\n\t\t\t<\/div>\n\t\t<\/div>\n\t<\/div>\n\t\n\t\t<\/div>\n\t\t\t\t\t<\/div>\n\n\t\n\n\t<div id=\"col-700609238\" class=\"col medium-4 small-12 large-4\"  >\n\t\t\t\t<div class=\"col-inner\"  >\n\t\t\t\n\t\t\t\n\t<div class=\"box has-hover   has-hover box-shadow-1 box-shadow-2-hover box-text-bottom\" >\n\n\t\t<div class=\"box-image\" >\n\t\t\t<a href=\"https:\/\/gimex2.com.vn\/san-pham\/tui-theo-cong-dung\/tui-dung-rac\/\"  >\t\t\t<div class=\"\" >\n\t\t\t\t<img width=\"900\" height=\"900\" src=\"https:\/\/gimex2.com.vn\/wp-content\/uploads\/2023\/04\/Hinh-thumnai-web-Tui-Dung-Rac.jpg\" class=\"attachment- size-\" alt=\"\" decoding=\"async\" loading=\"lazy\" srcset=\"https:\/\/gimex2.com.vn\/wp-content\/uploads\/2023\/04\/Hinh-thumnai-web-Tui-Dung-Rac.jpg 900w, https:\/\/gimex2.com.vn\/wp-content\/uploads\/2023\/04\/Hinh-thumnai-web-Tui-Dung-Rac-400x400.jpg 400w, https:\/\/gimex2.com.vn\/wp-content\/uploads\/2023\/04\/Hinh-thumnai-web-Tui-Dung-Rac-800x800.jpg 800w, https:\/\/gimex2.com.vn\/wp-content\/uploads\/2023\/04\/Hinh-thumnai-web-Tui-Dung-Rac-280x280.jpg 280w, https:\/\/gimex2.com.vn\/wp-content\/uploads\/2023\/04\/Hinh-thumnai-web-Tui-Dung-Rac-768x768.jpg 768w, https:\/\/gimex2.com.vn\/wp-content\/uploads\/2023\/04\/Hinh-thumnai-web-Tui-Dung-Rac-450x450.jpg 450w, https:\/\/gimex2.com.vn\/wp-content\/uploads\/2023\/04\/Hinh-thumnai-web-Tui-Dung-Rac-100x100.jpg 100w\" sizes=\"(max-width: 900px) 100vw, 900px\" \/>\t\t\t\t\t\t\t\t\t\t\t<\/div>\n\t\t\t<\/a>\t\t<\/div>\n\n\t\t<div class=\"box-text text-center\" style=\"padding:9px 0px 1px 0px;\">\n\t\t\t<div class=\"box-text-inner\">\n\t\t\t\t\n<h3 style=\"text-align: center;\"><span style=\"color: #000000;\"><strong>T\u00daI \u0110\u1ef0NG R\u00c1C<\/strong><\/span><\/h3>\n\t<div id=\"gap-2049541660\" class=\"gap-element clearfix\" style=\"display:block; height:auto;\">\n\t\t\n<style>\n#gap-2049541660 {\n  padding-top: 3px;\n}\n<\/style>\n\t<\/div>\n\t\n<a href=\"https:\/\/gimex2.com.vn\/san-pham\/tui-theo-cong-dung\/tui-dung-rac\/\" target=\"_self\" class=\"button secondary\"  >\n    <span>XEM CHI TI\u1ebeT<\/span>\n  <\/a>\n\n\t\t\t<\/div>\n\t\t<\/div>\n\t<\/div>\n\t\n\t\t<\/div>\n\t\t\t\t\t<\/div>\n\n\t\n\n\t<div id=\"col-1951976671\" class=\"col medium-4 small-12 large-4\"  >\n\t\t\t\t<div class=\"col-inner\"  >\n\t\t\t\n\t\t\t\n\t<div class=\"box has-hover   has-hover box-shadow-1 box-shadow-2-hover box-text-bottom\" >\n\n\t\t<div class=\"box-image\" >\n\t\t\t\t\t\t<div class=\"\" >\n\t\t\t\t<img width=\"900\" height=\"900\" src=\"https:\/\/gimex2.com.vn\/wp-content\/uploads\/2023\/04\/Hinh-thumnai-web-Tui-Nha-Thuoc.jpg\" class=\"attachment- size-\" alt=\"\" decoding=\"async\" loading=\"lazy\" srcset=\"https:\/\/gimex2.com.vn\/wp-content\/uploads\/2023\/04\/Hinh-thumnai-web-Tui-Nha-Thuoc.jpg 900w, https:\/\/gimex2.com.vn\/wp-content\/uploads\/2023\/04\/Hinh-thumnai-web-Tui-Nha-Thuoc-400x400.jpg 400w, https:\/\/gimex2.com.vn\/wp-content\/uploads\/2023\/04\/Hinh-thumnai-web-Tui-Nha-Thuoc-800x800.jpg 800w, https:\/\/gimex2.com.vn\/wp-content\/uploads\/2023\/04\/Hinh-thumnai-web-Tui-Nha-Thuoc-280x280.jpg 280w, https:\/\/gimex2.com.vn\/wp-content\/uploads\/2023\/04\/Hinh-thumnai-web-Tui-Nha-Thuoc-768x768.jpg 768w, https:\/\/gimex2.com.vn\/wp-content\/uploads\/2023\/04\/Hinh-thumnai-web-Tui-Nha-Thuoc-450x450.jpg 450w, https:\/\/gimex2.com.vn\/wp-content\/uploads\/2023\/04\/Hinh-thumnai-web-Tui-Nha-Thuoc-100x100.jpg 100w\" sizes=\"(max-width: 900px) 100vw, 900px\" \/>\t\t\t\t\t\t\t\t\t\t\t<\/div>\n\t\t\t\t\t<\/div>\n\n\t\t<div class=\"box-text text-center\" style=\"padding:9px 0px 1px 0px;\">\n\t\t\t<div class=\"box-text-inner\">\n\t\t\t\t\n<h3 style=\"text-align: center;\"><span style=\"color: #000000;\"><strong>T\u00daI \u0110\u1ef0NG D\u01af\u1ee2C PH\u1ea8M<\/strong><\/span><\/h3>\n\t<div id=\"gap-2040568941\" class=\"gap-element clearfix\" style=\"display:block; height:auto;\">\n\t\t\n<style>\n#gap-2040568941 {\n  padding-top: 3px;\n}\n<\/style>\n\t<\/div>\n\t\n<a class=\"button secondary\"  >\n    <span>XEM CHI TI\u1ebeT<\/span>\n  <\/a>\n\n\t\t\t<\/div>\n\t\t<\/div>\n\t<\/div>\n\t\n\t\t<\/div>\n\t\t\t\t\t<\/div>\n\n\t\n<\/div>\n\t\t<\/div>\n\t\t\t\t\t<\/div>\n\n\t\n\n\t<div id=\"col-1945268043\" class=\"col medium-3 small-12 large-3\"  >\n\t\t\t\t<div class=\"col-inner\"  >\n\t\t\t\n\t\t\t\n<ul class=\"sidebar-wrapper ul-reset\"><aside id=\"nav_menu-11\" class=\"widget widget_nav_menu\"><span class=\"widget-title shop-sidebar\">T\u00daI THEO LO\u1ea0I<\/span><div class=\"is-divider small\"><\/div><div class=\"menu-tui-theo-loai-container\"><ul id=\"menu-tui-theo-loai\" class=\"menu\"><li id=\"menu-item-1207\" class=\"menu-item menu-item-type-post_type menu-item-object-page menu-item-1207\"><a href=\"https:\/\/gimex2.com.vn\/en\/san-pham\/tui-theo-loai\/tui-quai-xach-sinh-hoc\/\">T\u00fai quai x\u00e1ch<\/a><\/li>\n<li id=\"menu-item-1208\" class=\"menu-item menu-item-type-post_type menu-item-object-page menu-item-1208\"><a href=\"https:\/\/gimex2.com.vn\/en\/san-pham\/tui-theo-loai\/tui-hot-xoai-sinh-hoc\/\">T\u00fai h\u1ed9t xo\u00e0i<\/a><\/li>\n<li id=\"menu-item-1209\" class=\"menu-item menu-item-type-post_type menu-item-object-page menu-item-1209\"><a href=\"https:\/\/gimex2.com.vn\/en\/san-pham\/tui-theo-loai\/tui-cuon-phan-huy-sinh-hoc\/\">T\u00fai cu\u1ed9n<\/a><\/li>\n<li id=\"menu-item-1210\" class=\"menu-item menu-item-type-post_type menu-item-object-page menu-item-1210\"><a href=\"https:\/\/gimex2.com.vn\/en\/san-pham\/tui-theo-loai\/tui-chu-t-phan-huy-sinh-hoc\/\">T\u00fai ch\u1eef T<\/a><\/li>\n<li id=\"menu-item-1211\" class=\"menu-item menu-item-type-post_type menu-item-object-page menu-item-1211\"><a href=\"https:\/\/gimex2.com.vn\/en\/san-pham\/tui-theo-loai\/tui-quai-luon-song-sinh-hoc\/\">T\u00fai quai l\u01b0\u1ee3n s\u00f3ng<\/a><\/li>\n<li id=\"menu-item-1212\" class=\"menu-item menu-item-type-post_type menu-item-object-page menu-item-1212\"><a href=\"https:\/\/gimex2.com.vn\/en\/san-pham\/tui-theo-loai\/tui-rut-day-sinh-hoc\/\">T\u00fai r\u00fat d\u00e2y<\/a><\/li>\n<li id=\"menu-item-1213\" class=\"menu-item menu-item-type-post_type menu-item-object-page menu-item-1213\"><a href=\"https:\/\/gimex2.com.vn\/en\/san-pham\/tui-theo-loai\/tui-ep-quai-sinh-hoc-gimex-ii\/\">T\u00fai \u00e9p quai<\/a><\/li>\n<li id=\"menu-item-1214\" class=\"menu-item menu-item-type-post_type menu-item-object-page menu-item-1214\"><a href=\"https:\/\/gimex2.com.vn\/en\/san-pham\/tui-theo-loai\/tui-niem-phong-sinh-hoc\/\">T\u00fai ni\u00eam phong<\/a><\/li>\n<\/ul><\/div><\/aside><aside id=\"nav_menu-9\" class=\"widget widget_nav_menu\"><span class=\"widget-title shop-sidebar\">T\u00daI THEO CH\u1ea4T LI\u1ec6U<\/span><div class=\"is-divider small\"><\/div><div class=\"menu-tui-theo-chat-lieu-container\"><ul id=\"menu-tui-theo-chat-lieu\" class=\"menu\"><li id=\"menu-item-1155\" class=\"menu-item menu-item-type-post_type menu-item-object-page menu-item-1155\"><a href=\"https:\/\/gimex2.com.vn\/en\/san-pham\/tui-theo-chat-lieu\/tui-tu-huy-sinh-hoc\/\">T\u00fai t\u1ef1 hu\u1ef7 sinh h\u1ecdc<\/a><\/li>\n<li id=\"menu-item-1156\" class=\"menu-item menu-item-type-post_type menu-item-object-page menu-item-1156\"><a href=\"https:\/\/gimex2.com.vn\/en\/san-pham\/tui-theo-chat-lieu\/tui-tinh-bot\/\">T\u00fai tinh b\u1ed9t<\/a><\/li>\n<\/ul><\/div><\/aside><aside id=\"nav_menu-10\" class=\"widget widget_nav_menu\"><span class=\"widget-title shop-sidebar\">T\u00daI THEO C\u00d4NG D\u1ee4NG<\/span><div class=\"is-divider small\"><\/div><div class=\"menu-tui-theo-cong-dung-container\"><ul id=\"menu-tui-theo-cong-dung\" class=\"menu\"><li id=\"menu-item-1179\" class=\"menu-item menu-item-type-post_type menu-item-object-page menu-item-1179\"><a href=\"https:\/\/gimex2.com.vn\/en\/tui-sieu-thi-2\/\">T\u00fai si\u00eau th\u1ecb<\/a><\/li>\n<li id=\"menu-item-1180\" class=\"menu-item menu-item-type-post_type menu-item-object-page menu-item-1180\"><a href=\"https:\/\/gimex2.com.vn\/en\/tui-dung-quan-ao\/\">T\u00fai \u0111\u1ef1ng qu\u1ea7n \u00e1o<\/a><\/li>\n<li id=\"menu-item-1181\" class=\"menu-item menu-item-type-post_type menu-item-object-page menu-item-1181\"><a href=\"https:\/\/gimex2.com.vn\/en\/tui-cuon-thuc-pham\/\">T\u00fai cu\u1ed9n th\u1ef1c ph\u1ea9m<\/a><\/li>\n<li id=\"menu-item-1182\" class=\"menu-item menu-item-type-post_type menu-item-object-page menu-item-1182\"><a href=\"https:\/\/gimex2.com.vn\/en\/san-pham\/tui-theo-cong-dung\/tui-dung-ly\/\">T\u00fai \u0111\u1ef1ng ly<\/a><\/li>\n<li id=\"menu-item-1183\" class=\"menu-item menu-item-type-post_type menu-item-object-page menu-item-1183\"><a href=\"https:\/\/gimex2.com.vn\/en\/san-pham\/tui-theo-cong-dung\/tui-dung-rac\/\">T\u00fai \u0111\u1ef1ng r\u00e1c<\/a><\/li>\n<li id=\"menu-item-1184\" class=\"menu-item menu-item-type-post_type menu-item-object-page menu-item-1184\"><a href=\"https:\/\/gimex2.com.vn\/en\/tui-dung-duoc-pham\/\">T\u00fai \u0111\u1ef1ng d\u01b0\u1ee3c ph\u1ea9m<\/a><\/li>\n<li id=\"menu-item-1185\" class=\"menu-item menu-item-type-post_type menu-item-object-page menu-item-1185\"><a href=\"https:\/\/gimex2.com.vn\/en\/tui-fb\/\">T\u00fai F&#038;B<\/a><\/li>\n<\/ul><\/div><\/aside><aside id=\"nav_menu-13\" class=\"widget widget_nav_menu\"><span class=\"widget-title shop-sidebar\">C\u00c1C S\u1ea2N PH\u1ea8M KH\u00c1C<\/span><div class=\"is-divider small\"><\/div><div class=\"menu-cac-san-pham-khac-container\"><ul id=\"menu-cac-san-pham-khac\" class=\"menu\"><li id=\"menu-item-1361\" class=\"menu-item menu-item-type-post_type menu-item-object-page menu-item-1361\"><a href=\"https:\/\/gimex2.com.vn\/en\/cac-loai-tui-khac\/gang-tay\/\">G\u0103ng tay<\/a><\/li>\n<\/ul><\/div><\/aside><\/ul>\n\t\t<\/div>\n\t\t\t\t\t<\/div>\n\n\t\n<\/div>\n","protected":false},"excerpt":{"rendered":"","protected":false},"author":1,"featured_media":0,"parent":1271,"menu_order":0,"comment_status":"closed","ping_status":"closed","template":"page-blank.php","meta":{"inline_featured_image":false},"_links":{"self":[{"href":"https:\/\/gimex2.com.vn\/en\/wp-json\/wp\/v2\/pages\/1010"}],"collection":[{"href":"https:\/\/gimex2.com.vn\/en\/wp-json\/wp\/v2\/pages"}],"about":[{"href":"https:\/\/gimex2.com.vn\/en\/wp-json\/wp\/v2\/types\/page"}],"author":[{"embeddable":true,"href":"https:\/\/gimex2.com.vn\/en\/wp-json\/wp\/v2\/users\/1"}],"replies":[{"embeddable":true,"href":"https:\/\/gimex2.com.vn\/en\/wp-json\/wp\/v2\/comments?post=1010"}],"version-history":[{"count":15,"href":"https:\/\/gimex2.com.vn\/en\/wp-json\/wp\/v2\/pages\/1010\/revisions"}],"predecessor-version":[{"id":1626,"href":"https:\/\/gimex2.com.vn\/en\/wp-json\/wp\/v2\/pages\/1010\/revisions\/1626"}],"up":[{"embeddable":true,"href":"https:\/\/gimex2.com.vn\/en\/wp-json\/wp\/v2\/pages\/1271"}],"wp:attachment":[{"href":"https:\/\/gimex2.com.vn\/en\/wp-json\/wp\/v2\/media?parent=1010"}],"curies":[{"name":"wp","href":"https:\/\/api.w.org\/{rel}","templated":true}]}}